{"id":10280,"date":"2025-01-16T14:25:30","date_gmt":"2025-01-16T11:25:30","guid":{"rendered":"https:\/\/beta.domino.com.tr\/?page_id=10280"},"modified":"2025-02-27T16:34:39","modified_gmt":"2025-02-27T13:34:39","slug":"eif-world-energy-congress-and-expo","status":"publish","type":"page","link":"https:\/\/domino.com.tr\/index.php\/eif-world-energy-congress-and-expo\/","title":{"rendered":"EIF World Energy Congress and Expo"},"content":{"rendered":"\t\t<div data-elementor-type=\"wp-page\" data-elementor-id=\"10280\" class=\"elementor elementor-10280\">\n\t\t\t\t<div class=\"elementor-element elementor-element-f8021e2 e-con-full e-flex e-con e-parent\" data-id=\"f8021e2\" data-element_type=\"container\">\n\t\t<div class=\"elementor-element elementor-element-5c910c8 e-con-full e-flex e-con e-child\" data-id=\"5c910c8\" data-element_type=\"container\">\n\t\t<div class=\"elementor-element elementor-element-5d8fecd e-con-full e-flex e-con e-child\" data-id=\"5d8fecd\" data-element_type=\"container\">\n\t\t\t\t<div class=\"elementor-element elementor-element-02b210f elementor-widget elementor-widget-heading\" data-id=\"02b210f\" data-element_type=\"widget\" data-widget_type=\"heading.default\">\n\t\t\t\t<div class=\"elementor-widget-container\">\n\t\t\t\t\t<h4 class=\"elementor-heading-title elementor-size-default\">EIF World Energy Congress and Expo<\/h4>\t\t\t\t<\/div>\n\t\t\t\t<\/div>\n\t\t\t\t<div class=\"elementor-element elementor-element-c880172 elementor-widget elementor-widget-text-editor\" data-id=\"c880172\" data-element_type=\"widget\" data-widget_type=\"text-editor.default\">\n\t\t\t\t<div class=\"elementor-widget-container\">\n\t\t\t\t\t\t\t\t\t<p style=\"text-align: justify;\">Enerji sekt\u00f6r\u00fcnde \u00f6nemli bir bulu\u015fma noktas\u0131 haline gelen EIF Kongresi\u2019nin 9-11 Ekim 2024 tarihleri aras\u0131nda ger\u00e7ekle\u015fen edisyonunu b\u00fcy\u00fck bir ba\u015far\u0131yla tamamlam\u0131\u015f olman\u0131n gururunu ya\u015f\u0131yoruz. 30.000&#8217;in \u00fczerinde sekt\u00f6r profesyoneli ve 254 yerli, 50 yabanc\u0131 firman\u0131n kat\u0131l\u0131m\u0131yla d\u00fczenledi\u011fimiz bu etkinlik, sekt\u00f6rdeki son geli\u015fmelerin ve yeniliklerin ele al\u0131nd\u0131\u011f\u0131 \u00f6nemli bir platform oldu. Bu y\u0131l, &#8220;\u00c7evre ve Elektrik&#8221; temas\u0131yla s\u00fcrd\u00fcr\u00fclebilir enerji \u00e7\u00f6z\u00fcmleri ve temiz enerji alan\u0131ndaki rekor b\u00fcy\u00fcme \u00fczerine yapt\u0131\u011f\u0131m\u0131z vurgularla sekt\u00f6re de\u011fer katmay\u0131 ba\u015fard\u0131k. Ge\u00e7ti\u011fimiz y\u0131l EIF Kongresi&#8217;ne, Karbon Kongresi ile yeni bir boyut kazand\u0131rarak, sekt\u00f6r\u00fcm\u00fcz\u00fcn daha geni\u015f bir perspektiften de\u011ferlendirilmesine olanak sunduk. Bu sayede, sadece enerji de\u011fil, karbon ayak izi, \u00e7evre dostu teknolojiler ve karbon sal\u0131n\u0131m\u0131n\u0131 azaltma stratejileri de geni\u015f bir \u015fekilde tart\u0131\u015f\u0131ld\u0131. Bu geni\u015fletilmi\u015f yakla\u015f\u0131m, enerji sekt\u00f6r\u00fcn\u00fc \u00e7evre odakl\u0131 \u00e7\u00f6z\u00fcmlerle birle\u015ftirerek gelece\u011fe y\u00f6nelik daha s\u00fcrd\u00fcr\u00fclebilir ad\u0131mlar at\u0131lmas\u0131na zemin haz\u0131rlad\u0131. EIF Kongresi, art\u0131k sadece enerjinin de\u011fil, \u00e7evresel s\u00fcrd\u00fcr\u00fclebilirli\u011fin de bulu\u015fma noktas\u0131 haline gelmi\u015ftir. \u015eimdi ise, bu ba\u015far\u0131n\u0131n \u00fczerine \u00e7\u0131karak EIF 2025&#8217;te yine bir araya gelmeyi sab\u0131rs\u0131zl\u0131kla bekliyoruz. 8-10 Ekim 2025 tarihlerinde d\u00fczenleyece\u011fimiz etkinlik, enerji sekt\u00f6r\u00fcn\u00fcn gelece\u011fine dair daha fazla yenilik, fikir ve yat\u0131r\u0131m f\u0131rsat\u0131 sunacak. Hem yerli hem de yabanc\u0131 yat\u0131r\u0131mc\u0131lar\u0131 ve sekt\u00f6r profesyonellerini bir araya getirecek olan bu bulu\u015fmada, enerji verimlili\u011fi, karbon n\u00f6tr teknolojiler, s\u00fcrd\u00fcr\u00fclebilir enerji sistemleri gibi kritik konular daha da derinlemesine ele al\u0131nacakt\u0131r. Sizleri, bu b\u00fcy\u00fck etkinlikte bizimle birlikte olmaya ve gelece\u011fin enerji d\u00fcnyas\u0131na y\u00f6n verecek projeleri tart\u0131\u015fmaya davet ediyoruz. EIF 2025, enerjinin, \u00e7evre bilincinin ve karbon azalt\u0131m\u0131n\u0131n bulu\u015fma noktas\u0131 olmaya devam edecek ve sekt\u00f6r\u00fcm\u00fcz\u00fc bir ad\u0131m daha ileriye ta\u015f\u0131yacak \u00f6nemli bir platform olacakt\u0131r. Sizleri bu heyecan verici etkinlikte aram\u0131zda g\u00f6rmek i\u00e7in sab\u0131rs\u0131zlan\u0131yoruz.<\/p>\t\t\t\t\t\t\t\t<\/div>\n\t\t\t\t<\/div>\n\t\t\t\t<\/div>\n\t\t\t\t<\/div>\n\t\t\t\t<\/div>\n\t\t<div class=\"elementor-element elementor-element-5f1663e e-flex e-con-boxed e-con e-parent\" data-id=\"5f1663e\" data-element_type=\"container\">\n\t\t\t\t\t<div class=\"e-con-inner\">\n\t\t<div class=\"elementor-element elementor-element-3a7369b e-con-full e-flex e-con e-child\" data-id=\"3a7369b\" data-element_type=\"container\">\n\t\t\t\t<div class=\"elementor-element elementor-element-f44041b elementor-widget elementor-widget-video\" data-id=\"f44041b\" data-element_type=\"widget\" data-settings=\"{&quot;youtube_url&quot;:&quot;https:\\\/\\\/www.youtube.com\\\/embed\\\/myXtEo5d9uQ?autoplay=1&amp;loop=1&amp;playlist=myXtEo5d9uQ&quot;,&quot;loop&quot;:&quot;yes&quot;,&quot;video_type&quot;:&quot;youtube&quot;,&quot;controls&quot;:&quot;yes&quot;}\" data-widget_type=\"video.default\">\n\t\t\t\t<div class=\"elementor-widget-container\">\n\t\t\t\t\t\t\t<div class=\"elementor-wrapper elementor-open-inline\">\n\t\t\t<div class=\"elementor-video\"><\/div>\t\t<\/div>\n\t\t\t\t\t\t<\/div>\n\t\t\t\t<\/div>\n\t\t\t\t<\/div>\n\t\t\t\t\t<\/div>\n\t\t\t\t<\/div>\n\t\t<div class=\"elementor-element elementor-element-d058cd0 e-flex e-con-boxed e-con e-parent\" data-id=\"d058cd0\" data-element_type=\"container\">\n\t\t\t\t\t<div class=\"e-con-inner\">\n\t\t\t\t\t<\/div>\n\t\t\t\t<\/div>\n\t\t\t\t<\/div>\n\t\t","protected":false},"excerpt":{"rendered":"<p>EIF World Energy Congress and Expo Enerji sekt\u00f6r\u00fcnde \u00f6nemli bir bulu\u015fma noktas\u0131 haline gelen EIF Kongresi\u2019nin 9-11 Ekim 2024 tarihleri aras\u0131nda ger\u00e7ekle\u015fen edisyonunu b\u00fcy\u00fck bir ba\u015far\u0131yla tamamlam\u0131\u015f olman\u0131n gururunu ya\u015f\u0131yoruz. 30.000&#8217;in \u00fczerinde sekt\u00f6r profesyoneli ve 254 yerli, 50 yabanc\u0131 firman\u0131n kat\u0131l\u0131m\u0131yla d\u00fczenledi\u011fimiz bu etkinlik, sekt\u00f6rdeki son geli\u015fmelerin ve yeniliklerin ele al\u0131nd\u0131\u011f\u0131 \u00f6nemli bir platform oldu. [&hellip;]<\/p>\n","protected":false},"author":1,"featured_media":0,"parent":0,"menu_order":0,"comment_status":"closed","ping_status":"closed","template":"","meta":{"footnotes":""},"class_list":["post-10280","page","type-page","status-publish","hentry"],"_links":{"self":[{"href":"https:\/\/domino.com.tr\/index.php\/wp-json\/wp\/v2\/pages\/10280","targetHints":{"allow":["GET"]}}],"collection":[{"href":"https:\/\/domino.com.tr\/index.php\/wp-json\/wp\/v2\/pages"}],"about":[{"href":"https:\/\/domino.com.tr\/index.php\/wp-json\/wp\/v2\/types\/page"}],"author":[{"embeddable":true,"href":"https:\/\/domino.com.tr\/index.php\/wp-json\/wp\/v2\/users\/1"}],"replies":[{"embeddable":true,"href":"https:\/\/domino.com.tr\/index.php\/wp-json\/wp\/v2\/comments?post=10280"}],"version-history":[{"count":10,"href":"https:\/\/domino.com.tr\/index.php\/wp-json\/wp\/v2\/pages\/10280\/revisions"}],"predecessor-version":[{"id":11162,"href":"https:\/\/domino.com.tr\/index.php\/wp-json\/wp\/v2\/pages\/10280\/revisions\/11162"}],"wp:attachment":[{"href":"https:\/\/domino.com.tr\/index.php\/wp-json\/wp\/v2\/media?parent=10280"}],"curies":[{"name":"wp","href":"https:\/\/api.w.org\/{rel}","templated":true}]}}