{"id":10379,"date":"2025-01-17T15:19:37","date_gmt":"2025-01-17T12:19:37","guid":{"rendered":"https:\/\/beta.domino.com.tr\/?page_id=10379"},"modified":"2025-03-03T14:00:09","modified_gmt":"2025-03-03T11:00:09","slug":"fleet-rental","status":"publish","type":"page","link":"https:\/\/domino.com.tr\/index.php\/en\/fleet-rental\/","title":{"rendered":"FLEET RENTAL"},"content":{"rendered":"\t\t<div data-elementor-type=\"wp-page\" data-elementor-id=\"10379\" class=\"elementor elementor-10379\">\n\t\t\t\t<div class=\"elementor-element elementor-element-6814ff52 e-flex e-con-boxed e-con e-parent\" data-id=\"6814ff52\" data-element_type=\"container\">\n\t\t\t\t\t<div class=\"e-con-inner\">\n\t\t\t\t\t<\/div>\n\t\t\t\t<\/div>\n\t\t<div class=\"elementor-element elementor-element-9a1ff9d e-flex e-con-boxed e-con e-parent\" data-id=\"9a1ff9d\" data-element_type=\"container\">\n\t\t\t\t\t<div class=\"e-con-inner\">\n\t\t<div class=\"elementor-element elementor-element-85e9de9 e-con-full e-flex e-con e-child\" data-id=\"85e9de9\" data-element_type=\"container\">\n\t\t\t\t<div class=\"elementor-element elementor-element-332cd3c elementor-widget elementor-widget-heading\" data-id=\"332cd3c\" data-element_type=\"widget\" data-widget_type=\"heading.default\">\n\t\t\t\t<div class=\"elementor-widget-container\">\n\t\t\t\t\t<h4 class=\"elementor-heading-title elementor-size-default\">About Domino Fleet Leasing<\/h4>\t\t\t\t<\/div>\n\t\t\t\t<\/div>\n\t\t\t\t<div class=\"elementor-element elementor-element-4b7e06c elementor-widget elementor-widget-text-editor\" data-id=\"4b7e06c\" data-element_type=\"widget\" data-widget_type=\"text-editor.default\">\n\t\t\t\t<div class=\"elementor-widget-container\">\n\t\t\t\t\t\t\t\t\t<p>Since 2010, Domino Fleet Leasing, operating under the umbrella of Domino Group, has been a leading provider of long-term fleet leasing services. We offer tailored solutions to meet the specific needs of our customers, helping them streamline their operations and optimize costs.<\/p><p>With a diverse vehicle fleet and a commitment to quality service, we cater to the expectations of companies from various industries, ensuring seamless management of their operational processes. Our flexible leasing options and professional services support our clients in achieving their business goals efficiently.<\/p><p>At Domino Fleet Leasing, we prioritize reliability, customer satisfaction, and innovative approaches, delivering sustainable and effective solutions that set us apart in the industry.<\/p><p style=\"text-align: justify;\">\u00a0<\/p>\t\t\t\t\t\t\t\t<\/div>\n\t\t\t\t<\/div>\n\t\t\t\t<\/div>\n\t\t<div class=\"elementor-element elementor-element-518147a e-con-full e-flex e-con e-child\" data-id=\"518147a\" data-element_type=\"container\">\n\t\t\t\t<div class=\"elementor-element elementor-element-fdaf8f1 elementor-widget elementor-widget-image\" data-id=\"fdaf8f1\" data-element_type=\"widget\" data-widget_type=\"image.default\">\n\t\t\t\t<div class=\"elementor-widget-container\">\n\t\t\t\t\t\t\t\t\t\t\t\t\t\t\t<img fetchpriority=\"high\" decoding=\"async\" width=\"1024\" height=\"1024\" src=\"https:\/\/domino.com.tr\/wp-content\/uploads\/2025\/01\/WhatsApp-Image-2025-01-16-at-5.08.59-PM.jpeg\" class=\"attachment-large size-large wp-image-10372\" alt=\"\" srcset=\"https:\/\/domino.com.tr\/wp-content\/uploads\/2025\/01\/WhatsApp-Image-2025-01-16-at-5.08.59-PM.jpeg 1024w, https:\/\/domino.com.tr\/wp-content\/uploads\/2025\/01\/WhatsApp-Image-2025-01-16-at-5.08.59-PM-300x300.jpeg 300w, https:\/\/domino.com.tr\/wp-content\/uploads\/2025\/01\/WhatsApp-Image-2025-01-16-at-5.08.59-PM-150x150.jpeg 150w, https:\/\/domino.com.tr\/wp-content\/uploads\/2025\/01\/WhatsApp-Image-2025-01-16-at-5.08.59-PM-768x768.jpeg 768w, https:\/\/domino.com.tr\/wp-content\/uploads\/2025\/01\/WhatsApp-Image-2025-01-16-at-5.08.59-PM-450x450.jpeg 450w, https:\/\/domino.com.tr\/wp-content\/uploads\/2025\/01\/WhatsApp-Image-2025-01-16-at-5.08.59-PM-106x106.jpeg 106w, https:\/\/domino.com.tr\/wp-content\/uploads\/2025\/01\/WhatsApp-Image-2025-01-16-at-5.08.59-PM-560x560.jpeg 560w, https:\/\/domino.com.tr\/wp-content\/uploads\/2025\/01\/WhatsApp-Image-2025-01-16-at-5.08.59-PM-80x80.jpeg 80w\" sizes=\"(max-width: 1024px) 100vw, 1024px\" \/>\t\t\t\t\t\t\t\t\t\t\t\t\t\t\t<\/div>\n\t\t\t\t<\/div>\n\t\t\t\t<\/div>\n\t\t\t\t\t<\/div>\n\t\t\t\t<\/div>\n\t\t<div class=\"elementor-element elementor-element-6e8d73e e-flex e-con-boxed e-con e-parent\" data-id=\"6e8d73e\" data-element_type=\"container\">\n\t\t\t\t\t<div class=\"e-con-inner\">\n\t\t\t\t<div class=\"elementor-element elementor-element-12e61ab elementor-widget elementor-widget-spacer\" data-id=\"12e61ab\" data-element_type=\"widget\" data-widget_type=\"spacer.default\">\n\t\t\t\t<div class=\"elementor-widget-container\">\n\t\t\t\t\t\t\t<div class=\"elementor-spacer\">\n\t\t\t<div class=\"elementor-spacer-inner\"><\/div>\n\t\t<\/div>\n\t\t\t\t\t\t<\/div>\n\t\t\t\t<\/div>\n\t\t\t\t\t<\/div>\n\t\t\t\t<\/div>\n\t\t\t\t<section class=\"elementor-section elementor-top-section elementor-element elementor-element-5ba97db elementor-section-boxed elementor-section-height-default elementor-section-height-default\" data-id=\"5ba97db\" data-element_type=\"section\" data-settings=\"{&quot;background_background&quot;:&quot;classic&quot;}\">\n\t\t\t\t\t\t<div class=\"elementor-container elementor-column-gap-default\">\n\t\t\t\t\t<div class=\"elementor-column elementor-col-100 elementor-top-column elementor-element elementor-element-4a54d1f\" data-id=\"4a54d1f\" data-element_type=\"column\">\n\t\t\t<div class=\"elementor-widget-wrap elementor-element-populated\">\n\t\t\t\t\t\t<section class=\"elementor-section elementor-inner-section elementor-element elementor-element-e036ade elementor-section-content-middle elementor-section-boxed elementor-section-height-default elementor-section-height-default\" data-id=\"e036ade\" data-element_type=\"section\" data-settings=\"{&quot;background_background&quot;:&quot;classic&quot;}\">\n\t\t\t\t\t\t<div class=\"elementor-container elementor-column-gap-default\">\n\t\t\t\t\t<div class=\"elementor-column elementor-col-100 elementor-inner-column elementor-element elementor-element-de2ddee\" data-id=\"de2ddee\" data-element_type=\"column\">\n\t\t\t<div class=\"elementor-widget-wrap elementor-element-populated\">\n\t\t\t\t\t\t<div class=\"elementor-element elementor-element-b745251 elementor-widget elementor-widget-image\" data-id=\"b745251\" data-element_type=\"widget\" data-widget_type=\"image.default\">\n\t\t\t\t<div class=\"elementor-widget-container\">\n\t\t\t\t\t\t\t\t\t\t\t\t\t\t\t<img decoding=\"async\" width=\"300\" height=\"180\" src=\"https:\/\/domino.com.tr\/wp-content\/uploads\/2025\/01\/JlrAGgE8FNEIfTaCtFFD-300x180.png\" class=\"attachment-medium size-medium wp-image-10192\" alt=\"\" srcset=\"https:\/\/domino.com.tr\/wp-content\/uploads\/2025\/01\/JlrAGgE8FNEIfTaCtFFD-300x180.png 300w, https:\/\/domino.com.tr\/wp-content\/uploads\/2025\/01\/JlrAGgE8FNEIfTaCtFFD-1024x615.png 1024w, https:\/\/domino.com.tr\/wp-content\/uploads\/2025\/01\/JlrAGgE8FNEIfTaCtFFD-768x461.png 768w, https:\/\/domino.com.tr\/wp-content\/uploads\/2025\/01\/JlrAGgE8FNEIfTaCtFFD.png 1108w\" sizes=\"(max-width: 300px) 100vw, 300px\" \/>\t\t\t\t\t\t\t\t\t\t\t\t\t\t\t<\/div>\n\t\t\t\t<\/div>\n\t\t\t\t\t<\/div>\n\t\t<\/div>\n\t\t\t\t\t<\/div>\n\t\t<\/section>\n\t\t\t\t<section class=\"elementor-section elementor-inner-section elementor-element elementor-element-909a4df elementor-section-boxed elementor-section-height-default elementor-section-height-default\" data-id=\"909a4df\" data-element_type=\"section\">\n\t\t\t\t\t\t<div class=\"elementor-container elementor-column-gap-default\">\n\t\t\t\t\t<div class=\"elementor-column elementor-col-33 elementor-inner-column elementor-element elementor-element-ec2e339\" data-id=\"ec2e339\" data-element_type=\"column\">\n\t\t\t<div class=\"elementor-widget-wrap elementor-element-populated\">\n\t\t\t\t\t\t<div class=\"elementor-element elementor-element-f4774d1 elementor-widget elementor-widget-image\" data-id=\"f4774d1\" data-element_type=\"widget\" data-widget_type=\"image.default\">\n\t\t\t\t<div class=\"elementor-widget-container\">\n\t\t\t\t\t\t\t\t\t\t\t\t\t\t\t\t<a href=\"https:\/\/wp.ditsolution.net\/echofy-multi\/\">\n\t\t\t\t\t\t\t<img decoding=\"async\" width=\"150\" height=\"150\" src=\"https:\/\/domino.com.tr\/wp-content\/uploads\/2025\/01\/Untitled-design-69-150x150.png\" class=\"attachment-thumbnail size-thumbnail wp-image-10195\" alt=\"\" srcset=\"https:\/\/domino.com.tr\/wp-content\/uploads\/2025\/01\/Untitled-design-69-150x150.png 150w, https:\/\/domino.com.tr\/wp-content\/uploads\/2025\/01\/Untitled-design-69-300x300.png 300w, https:\/\/domino.com.tr\/wp-content\/uploads\/2025\/01\/Untitled-design-69-450x450.png 450w, https:\/\/domino.com.tr\/wp-content\/uploads\/2025\/01\/Untitled-design-69-106x106.png 106w, https:\/\/domino.com.tr\/wp-content\/uploads\/2025\/01\/Untitled-design-69-80x80.png 80w, https:\/\/domino.com.tr\/wp-content\/uploads\/2025\/01\/Untitled-design-69.png 500w\" sizes=\"(max-width: 150px) 100vw, 150px\" \/>\t\t\t\t\t\t\t\t<\/a>\n\t\t\t\t\t\t\t\t\t\t\t\t\t\t\t<\/div>\n\t\t\t\t<\/div>\n\t\t\t\t<div class=\"elementor-element elementor-element-ae667b6 elementor-widget elementor-widget-simple-heading\" data-id=\"ae667b6\" data-element_type=\"widget\" data-widget_type=\"simple-heading.default\">\n\t\t\t\t<div class=\"elementor-widget-container\">\n\t\t\t\t\t\t\t\t\t\t<div class=\"heading style1\">\r\n\t\t\t\t<h6 class=\"heading-text\">Contact<\/h6>\r\n\t\t\t<\/div>\r\n\t\t\t\t\t\t<\/div>\n\t\t\t\t<\/div>\n\t\t\t\t<div class=\"elementor-element elementor-element-e9adc76 elementor-icon-list--layout-traditional elementor-list-item-link-full_width elementor-widget elementor-widget-icon-list\" data-id=\"e9adc76\" data-element_type=\"widget\" data-widget_type=\"icon-list.default\">\n\t\t\t\t<div class=\"elementor-widget-container\">\n\t\t\t\t\t\t\t<ul class=\"elementor-icon-list-items\">\n\t\t\t\t\t\t\t<li class=\"elementor-icon-list-item\">\n\t\t\t\t\t\t\t\t\t\t\t<a href=\"#\" rel=\"nofollow\">\n\n\t\t\t\t\t\t\t\t\t\t\t\t<span class=\"elementor-icon-list-icon\">\n\t\t\t\t\t\t\t<i aria-hidden=\"true\" class=\"flaticon flaticon-phone-call\"><\/i>\t\t\t\t\t\t<\/span>\n\t\t\t\t\t\t\t\t\t\t<span class=\"elementor-icon-list-text\">0(312)447 46 45<\/span>\n\t\t\t\t\t\t\t\t\t\t\t<\/a>\n\t\t\t\t\t\t\t\t\t<\/li>\n\t\t\t\t\t\t\t\t<li class=\"elementor-icon-list-item\">\n\t\t\t\t\t\t\t\t\t\t\t<a href=\"#\" rel=\"nofollow\">\n\n\t\t\t\t\t\t\t\t\t\t\t\t<span class=\"elementor-icon-list-icon\">\n\t\t\t\t\t\t\t<i aria-hidden=\"true\" class=\"flaticon flaticon-communications\"><\/i>\t\t\t\t\t\t<\/span>\n\t\t\t\t\t\t\t\t\t\t<span class=\"elementor-icon-list-text\">info@domino.com.tr <\/span>\n\t\t\t\t\t\t\t\t\t\t\t<\/a>\n\t\t\t\t\t\t\t\t\t<\/li>\n\t\t\t\t\t\t<\/ul>\n\t\t\t\t\t\t<\/div>\n\t\t\t\t<\/div>\n\t\t\t\t\t<\/div>\n\t\t<\/div>\n\t\t\t\t<div class=\"elementor-column elementor-col-33 elementor-inner-column elementor-element elementor-element-ae9e47d\" data-id=\"ae9e47d\" data-element_type=\"column\">\n\t\t\t<div class=\"elementor-widget-wrap elementor-element-populated\">\n\t\t\t\t\t\t<div class=\"elementor-element elementor-element-5286ee2 elementor-widget elementor-widget-image\" data-id=\"5286ee2\" data-element_type=\"widget\" data-widget_type=\"image.default\">\n\t\t\t\t<div class=\"elementor-widget-container\">\n\t\t\t\t\t\t\t\t\t\t\t\t\t\t\t<img loading=\"lazy\" decoding=\"async\" width=\"200\" height=\"93\" src=\"https:\/\/domino.com.tr\/wp-content\/uploads\/2023\/12\/YoleG2NbZzaRs79i0z22.jpg\" class=\"attachment-2048x2048 size-2048x2048 wp-image-10646\" alt=\"\" \/>\t\t\t\t\t\t\t\t\t\t\t\t\t\t\t<\/div>\n\t\t\t\t<\/div>\n\t\t\t\t<div class=\"elementor-element elementor-element-5a24e74 elementor-widget elementor-widget-image\" data-id=\"5a24e74\" data-element_type=\"widget\" data-widget_type=\"image.default\">\n\t\t\t\t<div class=\"elementor-widget-container\">\n\t\t\t\t\t\t\t\t\t\t\t\t\t\t\t<img loading=\"lazy\" decoding=\"async\" width=\"300\" height=\"97\" src=\"https:\/\/domino.com.tr\/wp-content\/uploads\/2023\/12\/EKZJnPF5gNIubPlOMOka-300x97.png\" class=\"attachment-medium size-medium wp-image-10644\" alt=\"\" srcset=\"https:\/\/domino.com.tr\/wp-content\/uploads\/2023\/12\/EKZJnPF5gNIubPlOMOka-300x97.png 300w, https:\/\/domino.com.tr\/wp-content\/uploads\/2023\/12\/EKZJnPF5gNIubPlOMOka.png 756w\" sizes=\"(max-width: 300px) 100vw, 300px\" \/>\t\t\t\t\t\t\t\t\t\t\t\t\t\t\t<\/div>\n\t\t\t\t<\/div>\n\t\t\t\t<div class=\"elementor-element elementor-element-3f5fa46 elementor-widget elementor-widget-image\" data-id=\"3f5fa46\" data-element_type=\"widget\" data-widget_type=\"image.default\">\n\t\t\t\t<div class=\"elementor-widget-container\">\n\t\t\t\t\t\t\t\t\t\t\t\t\t\t\t<img loading=\"lazy\" decoding=\"async\" width=\"300\" height=\"110\" src=\"https:\/\/domino.com.tr\/wp-content\/uploads\/2023\/12\/PnVgQG687ouPE2tFyjV7-300x110.png\" class=\"attachment-medium size-medium wp-image-10645\" alt=\"\" srcset=\"https:\/\/domino.com.tr\/wp-content\/uploads\/2023\/12\/PnVgQG687ouPE2tFyjV7-300x110.png 300w, https:\/\/domino.com.tr\/wp-content\/uploads\/2023\/12\/PnVgQG687ouPE2tFyjV7-1024x376.png 1024w, https:\/\/domino.com.tr\/wp-content\/uploads\/2023\/12\/PnVgQG687ouPE2tFyjV7-768x282.png 768w, https:\/\/domino.com.tr\/wp-content\/uploads\/2023\/12\/PnVgQG687ouPE2tFyjV7-1536x564.png 1536w, https:\/\/domino.com.tr\/wp-content\/uploads\/2023\/12\/PnVgQG687ouPE2tFyjV7.png 1600w\" sizes=\"(max-width: 300px) 100vw, 300px\" \/>\t\t\t\t\t\t\t\t\t\t\t\t\t\t\t<\/div>\n\t\t\t\t<\/div>\n\t\t\t\t<div class=\"elementor-element elementor-element-27fa388 elementor-widget elementor-widget-image\" data-id=\"27fa388\" data-element_type=\"widget\" data-widget_type=\"image.default\">\n\t\t\t\t<div class=\"elementor-widget-container\">\n\t\t\t\t\t\t\t\t\t\t\t\t\t\t\t<img loading=\"lazy\" decoding=\"async\" width=\"290\" height=\"86\" src=\"https:\/\/domino.com.tr\/wp-content\/uploads\/2023\/12\/A9FBzaEqJ25GpS3e2Wdj.png\" class=\"attachment-medium size-medium wp-image-10643\" alt=\"\" \/>\t\t\t\t\t\t\t\t\t\t\t\t\t\t\t<\/div>\n\t\t\t\t<\/div>\n\t\t\t\t\t<\/div>\n\t\t<\/div>\n\t\t\t\t<div class=\"elementor-column elementor-col-33 elementor-inner-column elementor-element elementor-element-dc349b8\" data-id=\"dc349b8\" data-element_type=\"column\">\n\t\t\t<div class=\"elementor-widget-wrap elementor-element-populated\">\n\t\t\t\t\t\t<div class=\"elementor-element elementor-element-b325f89 elementor-widget elementor-widget-simple-heading\" data-id=\"b325f89\" data-element_type=\"widget\" data-widget_type=\"simple-heading.default\">\n\t\t\t\t<div class=\"elementor-widget-container\">\n\t\t\t\t\t\t\t\t\t\t<div class=\"heading style1\">\r\n\t\t\t\t<h3 class=\"heading-text\">Address<\/h3>\r\n\t\t\t<\/div>\r\n\t\t\t\t\t\t<\/div>\n\t\t\t\t<\/div>\n\t\t\t\t<div class=\"elementor-element elementor-element-901429f elementor-widget elementor-widget-simple-heading\" data-id=\"901429f\" data-element_type=\"widget\" data-widget_type=\"simple-heading.default\">\n\t\t\t\t<div class=\"elementor-widget-container\">\n\t\t\t\t\t\t\t\t\t\t<div class=\"heading style1\">\r\n\t\t\t\t<p class=\"heading-text\">B\u00fcy\u00fckesat, U\u011fur Mumcu Cd. No:64 D:3, 06700 \u00c7ankaya\/Ankara<\/p>\r\n\t\t\t<\/div>\r\n\t\t\t\t\t\t<\/div>\n\t\t\t\t<\/div>\n\t\t\t\t<div class=\"elementor-element elementor-element-35f3aa2 elementor-widget elementor-widget-html\" data-id=\"35f3aa2\" data-element_type=\"widget\" data-widget_type=\"html.default\">\n\t\t\t\t<div class=\"elementor-widget-container\">\n\t\t\t\t\t<iframe src=\"https:\/\/www.google.com\/maps\/embed?pb=!1m18!1m12!1m3!1d3061.1422293307983!2d32.87440827476704!3d39.89344778732395!2m3!1f0!2f0!3f0!3m2!1i1024!2i768!4f13.1!3m3!1m2!1s0x14d34feb2e893b55%3A0x2fd3e647069b7afd!2zRG9taW5vIEZ1YXJjxLFsxLFrIEEuxZ4u!5e0!3m2!1str!2s!4v1738057248487!5m2!1str!2s\" width=\"600\" height=\"250\" style=\"border:0;\" allowfullscreen=\"\" loading=\"lazy\" referrerpolicy=\"no-referrer-when-downgrade\"><\/iframe>\t\t\t\t<\/div>\n\t\t\t\t<\/div>\n\t\t\t\t\t<\/div>\n\t\t<\/div>\n\t\t\t\t\t<\/div>\n\t\t<\/section>\n\t\t\t\t\t<\/div>\n\t\t<\/div>\n\t\t\t\t\t<\/div>\n\t\t<\/section>\n\t\t\t\t<\/div>\n\t\t","protected":false},"excerpt":{"rendered":"<p>About Domino Fleet Leasing Since 2010, Domino Fleet Leasing, operating under the umbrella of Domino Group, has been a leading provider of long-term fleet leasing services. We offer tailored solutions to meet the specific needs of our customers, helping them streamline their operations and optimize costs. With a diverse vehicle fleet and a commitment to [&hellip;]<\/p>\n","protected":false},"author":1,"featured_media":0,"parent":0,"menu_order":0,"comment_status":"closed","ping_status":"closed","template":"page-templates\/template-fullwidth.php","meta":{"footnotes":""},"class_list":["post-10379","page","type-page","status-publish","hentry"],"_links":{"self":[{"href":"https:\/\/domino.com.tr\/index.php\/wp-json\/wp\/v2\/pages\/10379","targetHints":{"allow":["GET"]}}],"collection":[{"href":"https:\/\/domino.com.tr\/index.php\/wp-json\/wp\/v2\/pages"}],"about":[{"href":"https:\/\/domino.com.tr\/index.php\/wp-json\/wp\/v2\/types\/page"}],"author":[{"embeddable":true,"href":"https:\/\/domino.com.tr\/index.php\/wp-json\/wp\/v2\/users\/1"}],"replies":[{"embeddable":true,"href":"https:\/\/domino.com.tr\/index.php\/wp-json\/wp\/v2\/comments?post=10379"}],"version-history":[{"count":17,"href":"https:\/\/domino.com.tr\/index.php\/wp-json\/wp\/v2\/pages\/10379\/revisions"}],"predecessor-version":[{"id":11406,"href":"https:\/\/domino.com.tr\/index.php\/wp-json\/wp\/v2\/pages\/10379\/revisions\/11406"}],"wp:attachment":[{"href":"https:\/\/domino.com.tr\/index.php\/wp-json\/wp\/v2\/media?parent=10379"}],"curies":[{"name":"wp","href":"https:\/\/api.w.org\/{rel}","templated":true}]}}