{"id":10386,"date":"2025-01-17T15:27:20","date_gmt":"2025-01-17T12:27:20","guid":{"rendered":"https:\/\/beta.domino.com.tr\/?page_id=10386"},"modified":"2025-12-12T13:04:57","modified_gmt":"2025-12-12T10:04:57","slug":"enerji-yatirimcilari","status":"publish","type":"page","link":"https:\/\/domino.com.tr\/index.php\/enerji-yatirimcilari\/","title":{"rendered":"ENERJ\u0130 YATIRIMLARI"},"content":{"rendered":"\t\t<div data-elementor-type=\"wp-page\" data-elementor-id=\"10386\" class=\"elementor elementor-10386\">\n\t\t\t\t<div class=\"elementor-element elementor-element-d1e8bcf e-flex e-con-boxed e-con e-parent\" data-id=\"d1e8bcf\" data-element_type=\"container\">\n\t\t\t\t\t<div class=\"e-con-inner\">\n\t\t<div class=\"elementor-element elementor-element-1ee0adb e-con-full e-flex e-con e-child\" data-id=\"1ee0adb\" data-element_type=\"container\">\n\t\t\t\t<div class=\"elementor-element elementor-element-c8e0b90 elementor-widget elementor-widget-heading\" data-id=\"c8e0b90\" data-element_type=\"widget\" data-widget_type=\"heading.default\">\n\t\t\t\t<div class=\"elementor-widget-container\">\n\t\t\t\t\t<h4 class=\"elementor-heading-title elementor-size-default\">Maabir Enerji Biyogaz Tesisi -\n4 Megawatt\n\n<\/h4>\t\t\t\t<\/div>\n\t\t\t\t<\/div>\n\t\t\t\t<div class=\"elementor-element elementor-element-42702df elementor-widget elementor-widget-text-editor\" data-id=\"42702df\" data-element_type=\"widget\" data-widget_type=\"text-editor.default\">\n\t\t\t\t<div class=\"elementor-widget-container\">\n\t\t\t\t\t\t\t\t\t<p style=\"text-align: justify;\">Maabir Enerji, Biyogaz enerji santrallerinde g\u0131da, hayvan at\u0131klar\u0131 veya tar\u0131msal art\u0131klar ve benzeri biyogaz kaynaklar\u0131n\u0131 kullanarak elektrik \u00fcretmektedir. \u015eirketin payda\u015flar\u0131 olarak kabul edilen besi \u00e7iftlikleri, ba\u015fka bir kullan\u0131m alan\u0131 olmayan art\u0131klar ve \u00c7iftliklerden \u00e7ift\u00e7iler i\u00e7in herhangi bir k\u00fclfet ve finansal maliyet olu\u015fturmadan toplan\u0131r ve bu art\u0131klar Maabir Enerjinin biyogaz tesislerinde enerjiye d\u00f6n\u00fc\u015ft\u00fcr\u00fclerek ekonomik de\u011fer kazan\u0131r. \u015eirketimizin amac\u0131, T\u00fcrkiye\u2019nin enerjide ithal kaynaklara olan ba\u011f\u0131ml\u0131l\u0131\u011f\u0131n\u0131 azaltmay\u0131, T\u00fcrkiye ekonomisine katk\u0131da bulunmay\u0131 ve ayn\u0131 zamanda b\u00f6lgesel d\u00fczeyde istihdam yaratmay\u0131 hedeflemektedir.<\/p>\t\t\t\t\t\t\t\t<\/div>\n\t\t\t\t<\/div>\n\t\t\t\t<\/div>\n\t\t<div class=\"elementor-element elementor-element-15fd0f8 e-con-full e-flex e-con e-child\" data-id=\"15fd0f8\" data-element_type=\"container\">\n\t\t\t\t<div class=\"elementor-element elementor-element-d033be6 elementor-widget elementor-widget-image\" data-id=\"d033be6\" data-element_type=\"widget\" data-widget_type=\"image.default\">\n\t\t\t\t<div class=\"elementor-widget-container\">\n\t\t\t\t\t\t\t\t\t\t\t\t\t\t\t<img fetchpriority=\"high\" decoding=\"async\" width=\"1024\" height=\"714\" src=\"https:\/\/domino.com.tr\/wp-content\/uploads\/2025\/01\/W5ogf5jvKnoQaK2Y9CJ9-1024x714.jpeg\" class=\"attachment-large size-large wp-image-10389\" alt=\"\" srcset=\"https:\/\/domino.com.tr\/wp-content\/uploads\/2025\/01\/W5ogf5jvKnoQaK2Y9CJ9-1024x714.jpeg 1024w, https:\/\/domino.com.tr\/wp-content\/uploads\/2025\/01\/W5ogf5jvKnoQaK2Y9CJ9-300x209.jpeg 300w, https:\/\/domino.com.tr\/wp-content\/uploads\/2025\/01\/W5ogf5jvKnoQaK2Y9CJ9-768x536.jpeg 768w, https:\/\/domino.com.tr\/wp-content\/uploads\/2025\/01\/W5ogf5jvKnoQaK2Y9CJ9.jpeg 1074w\" sizes=\"(max-width: 1024px) 100vw, 1024px\" \/>\t\t\t\t\t\t\t\t\t\t\t\t\t\t\t<\/div>\n\t\t\t\t<\/div>\n\t\t\t\t<\/div>\n\t\t\t\t\t<\/div>\n\t\t\t\t<\/div>\n\t\t<div class=\"elementor-element elementor-element-48e555f8 e-flex e-con-boxed e-con e-parent\" data-id=\"48e555f8\" data-element_type=\"container\">\n\t\t\t\t\t<div class=\"e-con-inner\">\n\t\t\t\t\t<\/div>\n\t\t\t\t<\/div>\n\t\t\t\t<\/div>\n\t\t","protected":false},"excerpt":{"rendered":"<p>Maabir Enerji Biyogaz Tesisi &#8211; 4 Megawatt Maabir Enerji, Biyogaz enerji santrallerinde g\u0131da, hayvan at\u0131klar\u0131 veya tar\u0131msal art\u0131klar ve benzeri biyogaz kaynaklar\u0131n\u0131 kullanarak elektrik \u00fcretmektedir. \u015eirketin payda\u015flar\u0131 olarak kabul edilen besi \u00e7iftlikleri, ba\u015fka bir kullan\u0131m alan\u0131 olmayan art\u0131klar ve \u00c7iftliklerden \u00e7ift\u00e7iler i\u00e7in herhangi bir k\u00fclfet ve finansal maliyet olu\u015fturmadan toplan\u0131r ve bu art\u0131klar Maabir Enerjinin [&hellip;]<\/p>\n","protected":false},"author":1,"featured_media":0,"parent":0,"menu_order":0,"comment_status":"closed","ping_status":"closed","template":"","meta":{"footnotes":""},"class_list":["post-10386","page","type-page","status-publish","hentry"],"_links":{"self":[{"href":"https:\/\/domino.com.tr\/index.php\/wp-json\/wp\/v2\/pages\/10386","targetHints":{"allow":["GET"]}}],"collection":[{"href":"https:\/\/domino.com.tr\/index.php\/wp-json\/wp\/v2\/pages"}],"about":[{"href":"https:\/\/domino.com.tr\/index.php\/wp-json\/wp\/v2\/types\/page"}],"author":[{"embeddable":true,"href":"https:\/\/domino.com.tr\/index.php\/wp-json\/wp\/v2\/users\/1"}],"replies":[{"embeddable":true,"href":"https:\/\/domino.com.tr\/index.php\/wp-json\/wp\/v2\/comments?post=10386"}],"version-history":[{"count":11,"href":"https:\/\/domino.com.tr\/index.php\/wp-json\/wp\/v2\/pages\/10386\/revisions"}],"predecessor-version":[{"id":11840,"href":"https:\/\/domino.com.tr\/index.php\/wp-json\/wp\/v2\/pages\/10386\/revisions\/11840"}],"wp:attachment":[{"href":"https:\/\/domino.com.tr\/index.php\/wp-json\/wp\/v2\/media?parent=10386"}],"curies":[{"name":"wp","href":"https:\/\/api.w.org\/{rel}","templated":true}]}}