{"id":10393,"date":"2025-01-17T15:36:17","date_gmt":"2025-01-17T12:36:17","guid":{"rendered":"https:\/\/beta.domino.com.tr\/?page_id=10393"},"modified":"2025-03-03T14:22:30","modified_gmt":"2025-03-03T11:22:30","slug":"energy-investors","status":"publish","type":"page","link":"https:\/\/domino.com.tr\/index.php\/en\/energy-investors\/","title":{"rendered":"ENERGY INVESTORS"},"content":{"rendered":"\t\t<div data-elementor-type=\"wp-page\" data-elementor-id=\"10393\" class=\"elementor elementor-10393\">\n\t\t\t\t<div class=\"elementor-element elementor-element-48e555f8 e-flex e-con-boxed e-con e-parent\" data-id=\"48e555f8\" data-element_type=\"container\">\n\t\t\t\t\t<div class=\"e-con-inner\">\n\t\t\t\t\t<\/div>\n\t\t\t\t<\/div>\n\t\t<div class=\"elementor-element elementor-element-d1e8bcf e-flex e-con-boxed e-con e-parent\" data-id=\"d1e8bcf\" data-element_type=\"container\">\n\t\t\t\t\t<div class=\"e-con-inner\">\n\t\t<div class=\"elementor-element elementor-element-1ee0adb e-con-full e-flex e-con e-child\" data-id=\"1ee0adb\" data-element_type=\"container\">\n\t\t\t\t<div class=\"elementor-element elementor-element-c8e0b90 elementor-widget elementor-widget-heading\" data-id=\"c8e0b90\" data-element_type=\"widget\" data-widget_type=\"heading.default\">\n\t\t\t\t<div class=\"elementor-widget-container\">\n\t\t\t\t\t<h4 class=\"elementor-heading-title elementor-size-default\">Maabir Energy Biogas Facility - 4 Megawatt<\/h4>\t\t\t\t<\/div>\n\t\t\t\t<\/div>\n\t\t\t\t<div class=\"elementor-element elementor-element-42702df elementor-widget elementor-widget-text-editor\" data-id=\"42702df\" data-element_type=\"widget\" data-widget_type=\"text-editor.default\">\n\t\t\t\t<div class=\"elementor-widget-container\">\n\t\t\t\t\t\t\t\t\t<p style=\"text-align: justify;\">Maabir Energy produces electricity using biogas resources such as food, animal waste, agricultural residues, and similar organic materials in biogas power plants. Waste materials from livestock farms, which have no other use, are collected without imposing any burden or financial cost on farmers. These materials are then converted into energy at Maabir Energy\u2019s biogas plants, gaining economic value. The company&#8217;s goal is to reduce Turkey&#8217;s dependence on imported energy sources, contribute to the Turkish economy, and create regional employment opportunities.<\/p>\t\t\t\t\t\t\t\t<\/div>\n\t\t\t\t<\/div>\n\t\t\t\t<\/div>\n\t\t<div class=\"elementor-element elementor-element-15fd0f8 e-con-full e-flex e-con e-child\" data-id=\"15fd0f8\" data-element_type=\"container\">\n\t\t\t\t<div class=\"elementor-element elementor-element-d033be6 elementor-widget elementor-widget-image\" data-id=\"d033be6\" data-element_type=\"widget\" data-widget_type=\"image.default\">\n\t\t\t\t<div class=\"elementor-widget-container\">\n\t\t\t\t\t\t\t\t\t\t\t\t\t\t\t<img fetchpriority=\"high\" decoding=\"async\" width=\"1024\" height=\"714\" src=\"https:\/\/domino.com.tr\/wp-content\/uploads\/2025\/01\/W5ogf5jvKnoQaK2Y9CJ9-1024x714.jpeg\" class=\"attachment-large size-large wp-image-10389\" alt=\"\" srcset=\"https:\/\/domino.com.tr\/wp-content\/uploads\/2025\/01\/W5ogf5jvKnoQaK2Y9CJ9-1024x714.jpeg 1024w, https:\/\/domino.com.tr\/wp-content\/uploads\/2025\/01\/W5ogf5jvKnoQaK2Y9CJ9-300x209.jpeg 300w, https:\/\/domino.com.tr\/wp-content\/uploads\/2025\/01\/W5ogf5jvKnoQaK2Y9CJ9-768x536.jpeg 768w, https:\/\/domino.com.tr\/wp-content\/uploads\/2025\/01\/W5ogf5jvKnoQaK2Y9CJ9.jpeg 1074w\" sizes=\"(max-width: 1024px) 100vw, 1024px\" \/>\t\t\t\t\t\t\t\t\t\t\t\t\t\t\t<\/div>\n\t\t\t\t<\/div>\n\t\t\t\t<\/div>\n\t\t\t\t\t<\/div>\n\t\t\t\t<\/div>\n\t\t<div class=\"elementor-element elementor-element-d58822f e-flex e-con-boxed e-con e-parent\" data-id=\"d58822f\" data-element_type=\"container\">\n\t\t\t\t\t<div class=\"e-con-inner\">\n\t\t\t\t<div class=\"elementor-element elementor-element-d2298ce elementor-widget-divider--view-line elementor-widget elementor-widget-divider\" data-id=\"d2298ce\" data-element_type=\"widget\" data-widget_type=\"divider.default\">\n\t\t\t\t<div class=\"elementor-widget-container\">\n\t\t\t\t\t\t\t<div class=\"elementor-divider\">\n\t\t\t<span class=\"elementor-divider-separator\">\n\t\t\t\t\t\t<\/span>\n\t\t<\/div>\n\t\t\t\t\t\t<\/div>\n\t\t\t\t<\/div>\n\t\t\t\t\t<\/div>\n\t\t\t\t<\/div>\n\t\t<div class=\"elementor-element elementor-element-8569b85 e-flex e-con-boxed e-con e-parent\" data-id=\"8569b85\" data-element_type=\"container\">\n\t\t\t\t\t<div class=\"e-con-inner\">\n\t\t<div class=\"elementor-element elementor-element-7a803d0 e-con-full e-flex e-con e-child\" data-id=\"7a803d0\" data-element_type=\"container\">\n\t\t\t\t<div class=\"elementor-element elementor-element-2911c9a elementor-widget elementor-widget-heading\" data-id=\"2911c9a\" data-element_type=\"widget\" data-widget_type=\"heading.default\">\n\t\t\t\t<div class=\"elementor-widget-container\">\n\t\t\t\t\t<h4 class=\"elementor-heading-title elementor-size-default\">Roof-Top Solar Power Plant Investment\n<\/h4>\t\t\t\t<\/div>\n\t\t\t\t<\/div>\n\t\t\t\t<\/div>\n\t\t<div class=\"elementor-element elementor-element-2f3179b e-con-full e-flex e-con e-child\" data-id=\"2f3179b\" data-element_type=\"container\">\n\t\t\t\t<div class=\"elementor-element elementor-element-89ce3cf elementor-widget elementor-widget-image\" data-id=\"89ce3cf\" data-element_type=\"widget\" data-widget_type=\"image.default\">\n\t\t\t\t<div class=\"elementor-widget-container\">\n\t\t\t\t\t\t\t\t\t\t\t\t\t\t\t<img fetchpriority=\"high\" decoding=\"async\" width=\"1024\" height=\"714\" src=\"https:\/\/domino.com.tr\/wp-content\/uploads\/2025\/01\/W5ogf5jvKnoQaK2Y9CJ9-1024x714.jpeg\" class=\"attachment-large size-large wp-image-10389\" alt=\"\" srcset=\"https:\/\/domino.com.tr\/wp-content\/uploads\/2025\/01\/W5ogf5jvKnoQaK2Y9CJ9-1024x714.jpeg 1024w, https:\/\/domino.com.tr\/wp-content\/uploads\/2025\/01\/W5ogf5jvKnoQaK2Y9CJ9-300x209.jpeg 300w, https:\/\/domino.com.tr\/wp-content\/uploads\/2025\/01\/W5ogf5jvKnoQaK2Y9CJ9-768x536.jpeg 768w, https:\/\/domino.com.tr\/wp-content\/uploads\/2025\/01\/W5ogf5jvKnoQaK2Y9CJ9.jpeg 1074w\" sizes=\"(max-width: 1024px) 100vw, 1024px\" \/>\t\t\t\t\t\t\t\t\t\t\t\t\t\t\t<\/div>\n\t\t\t\t<\/div>\n\t\t\t\t<\/div>\n\t\t\t\t\t<\/div>\n\t\t\t\t<\/div>\n\t\t\t\t<section class=\"elementor-section elementor-top-section elementor-element elementor-element-661cb75b elementor-section-boxed elementor-section-height-default elementor-section-height-default\" data-id=\"661cb75b\" data-element_type=\"section\" data-settings=\"{&quot;background_background&quot;:&quot;classic&quot;}\">\n\t\t\t\t\t\t<div class=\"elementor-container elementor-column-gap-default\">\n\t\t\t\t\t<div class=\"elementor-column elementor-col-100 elementor-top-column elementor-element elementor-element-698f0bc3\" data-id=\"698f0bc3\" data-element_type=\"column\">\n\t\t\t<div class=\"elementor-widget-wrap elementor-element-populated\">\n\t\t\t\t\t\t<section class=\"elementor-section elementor-inner-section elementor-element elementor-element-70e4f205 elementor-section-content-middle elementor-section-boxed elementor-section-height-default elementor-section-height-default\" data-id=\"70e4f205\" data-element_type=\"section\" data-settings=\"{&quot;background_background&quot;:&quot;classic&quot;}\">\n\t\t\t\t\t\t<div class=\"elementor-container elementor-column-gap-default\">\n\t\t\t\t\t<div class=\"elementor-column elementor-col-100 elementor-inner-column elementor-element elementor-element-2cf95151\" data-id=\"2cf95151\" data-element_type=\"column\">\n\t\t\t<div class=\"elementor-widget-wrap elementor-element-populated\">\n\t\t\t\t\t\t<div class=\"elementor-element elementor-element-5caaa0b1 elementor-widget elementor-widget-image\" data-id=\"5caaa0b1\" data-element_type=\"widget\" data-widget_type=\"image.default\">\n\t\t\t\t<div class=\"elementor-widget-container\">\n\t\t\t\t\t\t\t\t\t\t\t\t\t\t\t<img decoding=\"async\" width=\"300\" height=\"180\" src=\"https:\/\/domino.com.tr\/wp-content\/uploads\/2025\/01\/JlrAGgE8FNEIfTaCtFFD-300x180.png\" class=\"attachment-medium size-medium wp-image-10192\" alt=\"\" srcset=\"https:\/\/domino.com.tr\/wp-content\/uploads\/2025\/01\/JlrAGgE8FNEIfTaCtFFD-300x180.png 300w, https:\/\/domino.com.tr\/wp-content\/uploads\/2025\/01\/JlrAGgE8FNEIfTaCtFFD-1024x615.png 1024w, https:\/\/domino.com.tr\/wp-content\/uploads\/2025\/01\/JlrAGgE8FNEIfTaCtFFD-768x461.png 768w, https:\/\/domino.com.tr\/wp-content\/uploads\/2025\/01\/JlrAGgE8FNEIfTaCtFFD.png 1108w\" sizes=\"(max-width: 300px) 100vw, 300px\" \/>\t\t\t\t\t\t\t\t\t\t\t\t\t\t\t<\/div>\n\t\t\t\t<\/div>\n\t\t\t\t\t<\/div>\n\t\t<\/div>\n\t\t\t\t\t<\/div>\n\t\t<\/section>\n\t\t\t\t<section class=\"elementor-section elementor-inner-section elementor-element elementor-element-233f8948 elementor-section-boxed elementor-section-height-default elementor-section-height-default\" data-id=\"233f8948\" data-element_type=\"section\">\n\t\t\t\t\t\t<div class=\"elementor-container elementor-column-gap-default\">\n\t\t\t\t\t<div class=\"elementor-column elementor-col-33 elementor-inner-column elementor-element elementor-element-2f762e0c\" data-id=\"2f762e0c\" data-element_type=\"column\">\n\t\t\t<div class=\"elementor-widget-wrap elementor-element-populated\">\n\t\t\t\t\t\t<div class=\"elementor-element elementor-element-2514b1a0 elementor-widget elementor-widget-image\" data-id=\"2514b1a0\" data-element_type=\"widget\" data-widget_type=\"image.default\">\n\t\t\t\t<div class=\"elementor-widget-container\">\n\t\t\t\t\t\t\t\t\t\t\t\t\t\t\t\t<a href=\"https:\/\/wp.ditsolution.net\/echofy-multi\/\">\n\t\t\t\t\t\t\t<img decoding=\"async\" width=\"150\" height=\"150\" src=\"https:\/\/domino.com.tr\/wp-content\/uploads\/2025\/01\/Untitled-design-69-150x150.png\" class=\"attachment-thumbnail size-thumbnail wp-image-10195\" alt=\"\" srcset=\"https:\/\/domino.com.tr\/wp-content\/uploads\/2025\/01\/Untitled-design-69-150x150.png 150w, https:\/\/domino.com.tr\/wp-content\/uploads\/2025\/01\/Untitled-design-69-300x300.png 300w, https:\/\/domino.com.tr\/wp-content\/uploads\/2025\/01\/Untitled-design-69-450x450.png 450w, https:\/\/domino.com.tr\/wp-content\/uploads\/2025\/01\/Untitled-design-69-106x106.png 106w, https:\/\/domino.com.tr\/wp-content\/uploads\/2025\/01\/Untitled-design-69-80x80.png 80w, https:\/\/domino.com.tr\/wp-content\/uploads\/2025\/01\/Untitled-design-69.png 500w\" sizes=\"(max-width: 150px) 100vw, 150px\" \/>\t\t\t\t\t\t\t\t<\/a>\n\t\t\t\t\t\t\t\t\t\t\t\t\t\t\t<\/div>\n\t\t\t\t<\/div>\n\t\t\t\t<div class=\"elementor-element elementor-element-2dbec542 elementor-widget elementor-widget-simple-heading\" data-id=\"2dbec542\" data-element_type=\"widget\" data-widget_type=\"simple-heading.default\">\n\t\t\t\t<div class=\"elementor-widget-container\">\n\t\t\t\t\t\t\t\t\t\t<div class=\"heading style1\">\r\n\t\t\t\t<h6 class=\"heading-text\">Contact<\/h6>\r\n\t\t\t<\/div>\r\n\t\t\t\t\t\t<\/div>\n\t\t\t\t<\/div>\n\t\t\t\t<div class=\"elementor-element elementor-element-54838434 elementor-icon-list--layout-traditional elementor-list-item-link-full_width elementor-widget elementor-widget-icon-list\" data-id=\"54838434\" data-element_type=\"widget\" data-widget_type=\"icon-list.default\">\n\t\t\t\t<div class=\"elementor-widget-container\">\n\t\t\t\t\t\t\t<ul class=\"elementor-icon-list-items\">\n\t\t\t\t\t\t\t<li class=\"elementor-icon-list-item\">\n\t\t\t\t\t\t\t\t\t\t\t<a href=\"#\" rel=\"nofollow\">\n\n\t\t\t\t\t\t\t\t\t\t\t\t<span class=\"elementor-icon-list-icon\">\n\t\t\t\t\t\t\t<i aria-hidden=\"true\" class=\"flaticon flaticon-phone-call\"><\/i>\t\t\t\t\t\t<\/span>\n\t\t\t\t\t\t\t\t\t\t<span class=\"elementor-icon-list-text\">0(312)447 46 45<\/span>\n\t\t\t\t\t\t\t\t\t\t\t<\/a>\n\t\t\t\t\t\t\t\t\t<\/li>\n\t\t\t\t\t\t\t\t<li class=\"elementor-icon-list-item\">\n\t\t\t\t\t\t\t\t\t\t\t<a href=\"#\" rel=\"nofollow\">\n\n\t\t\t\t\t\t\t\t\t\t\t\t<span class=\"elementor-icon-list-icon\">\n\t\t\t\t\t\t\t<i aria-hidden=\"true\" class=\"flaticon flaticon-communications\"><\/i>\t\t\t\t\t\t<\/span>\n\t\t\t\t\t\t\t\t\t\t<span class=\"elementor-icon-list-text\">info@domino.com.tr <\/span>\n\t\t\t\t\t\t\t\t\t\t\t<\/a>\n\t\t\t\t\t\t\t\t\t<\/li>\n\t\t\t\t\t\t<\/ul>\n\t\t\t\t\t\t<\/div>\n\t\t\t\t<\/div>\n\t\t\t\t\t<\/div>\n\t\t<\/div>\n\t\t\t\t<div class=\"elementor-column elementor-col-33 elementor-inner-column elementor-element elementor-element-2bb3e44d\" data-id=\"2bb3e44d\" data-element_type=\"column\">\n\t\t\t<div class=\"elementor-widget-wrap elementor-element-populated\">\n\t\t\t\t\t\t<div class=\"elementor-element elementor-element-434a120c elementor-widget elementor-widget-image\" data-id=\"434a120c\" data-element_type=\"widget\" data-widget_type=\"image.default\">\n\t\t\t\t<div class=\"elementor-widget-container\">\n\t\t\t\t\t\t\t\t\t\t\t\t\t\t\t<img loading=\"lazy\" decoding=\"async\" width=\"200\" height=\"93\" src=\"https:\/\/domino.com.tr\/wp-content\/uploads\/2023\/12\/YoleG2NbZzaRs79i0z22.jpg\" class=\"attachment-2048x2048 size-2048x2048 wp-image-10646\" alt=\"\" \/>\t\t\t\t\t\t\t\t\t\t\t\t\t\t\t<\/div>\n\t\t\t\t<\/div>\n\t\t\t\t<div class=\"elementor-element elementor-element-79380fda elementor-widget elementor-widget-image\" data-id=\"79380fda\" data-element_type=\"widget\" data-widget_type=\"image.default\">\n\t\t\t\t<div class=\"elementor-widget-container\">\n\t\t\t\t\t\t\t\t\t\t\t\t\t\t\t<img loading=\"lazy\" decoding=\"async\" width=\"300\" height=\"97\" src=\"https:\/\/domino.com.tr\/wp-content\/uploads\/2023\/12\/EKZJnPF5gNIubPlOMOka-300x97.png\" class=\"attachment-medium size-medium wp-image-10644\" alt=\"\" srcset=\"https:\/\/domino.com.tr\/wp-content\/uploads\/2023\/12\/EKZJnPF5gNIubPlOMOka-300x97.png 300w, https:\/\/domino.com.tr\/wp-content\/uploads\/2023\/12\/EKZJnPF5gNIubPlOMOka.png 756w\" sizes=\"(max-width: 300px) 100vw, 300px\" \/>\t\t\t\t\t\t\t\t\t\t\t\t\t\t\t<\/div>\n\t\t\t\t<\/div>\n\t\t\t\t<div class=\"elementor-element elementor-element-a30fec1 elementor-widget elementor-widget-image\" data-id=\"a30fec1\" data-element_type=\"widget\" data-widget_type=\"image.default\">\n\t\t\t\t<div class=\"elementor-widget-container\">\n\t\t\t\t\t\t\t\t\t\t\t\t\t\t\t<img loading=\"lazy\" decoding=\"async\" width=\"300\" height=\"110\" src=\"https:\/\/domino.com.tr\/wp-content\/uploads\/2023\/12\/PnVgQG687ouPE2tFyjV7-300x110.png\" class=\"attachment-medium size-medium wp-image-10645\" alt=\"\" srcset=\"https:\/\/domino.com.tr\/wp-content\/uploads\/2023\/12\/PnVgQG687ouPE2tFyjV7-300x110.png 300w, https:\/\/domino.com.tr\/wp-content\/uploads\/2023\/12\/PnVgQG687ouPE2tFyjV7-1024x376.png 1024w, https:\/\/domino.com.tr\/wp-content\/uploads\/2023\/12\/PnVgQG687ouPE2tFyjV7-768x282.png 768w, https:\/\/domino.com.tr\/wp-content\/uploads\/2023\/12\/PnVgQG687ouPE2tFyjV7-1536x564.png 1536w, https:\/\/domino.com.tr\/wp-content\/uploads\/2023\/12\/PnVgQG687ouPE2tFyjV7.png 1600w\" sizes=\"(max-width: 300px) 100vw, 300px\" \/>\t\t\t\t\t\t\t\t\t\t\t\t\t\t\t<\/div>\n\t\t\t\t<\/div>\n\t\t\t\t<div class=\"elementor-element elementor-element-2640b281 elementor-widget elementor-widget-image\" data-id=\"2640b281\" data-element_type=\"widget\" data-widget_type=\"image.default\">\n\t\t\t\t<div class=\"elementor-widget-container\">\n\t\t\t\t\t\t\t\t\t\t\t\t\t\t\t<img loading=\"lazy\" decoding=\"async\" width=\"290\" height=\"86\" src=\"https:\/\/domino.com.tr\/wp-content\/uploads\/2023\/12\/A9FBzaEqJ25GpS3e2Wdj.png\" class=\"attachment-medium size-medium wp-image-10643\" alt=\"\" \/>\t\t\t\t\t\t\t\t\t\t\t\t\t\t\t<\/div>\n\t\t\t\t<\/div>\n\t\t\t\t\t<\/div>\n\t\t<\/div>\n\t\t\t\t<div class=\"elementor-column elementor-col-33 elementor-inner-column elementor-element elementor-element-7858033a\" data-id=\"7858033a\" data-element_type=\"column\">\n\t\t\t<div class=\"elementor-widget-wrap elementor-element-populated\">\n\t\t\t\t\t\t<div class=\"elementor-element elementor-element-e09d4fd elementor-widget elementor-widget-simple-heading\" data-id=\"e09d4fd\" data-element_type=\"widget\" data-widget_type=\"simple-heading.default\">\n\t\t\t\t<div class=\"elementor-widget-container\">\n\t\t\t\t\t\t\t\t\t\t<div class=\"heading style1\">\r\n\t\t\t\t<h3 class=\"heading-text\">Address<\/h3>\r\n\t\t\t<\/div>\r\n\t\t\t\t\t\t<\/div>\n\t\t\t\t<\/div>\n\t\t\t\t<div class=\"elementor-element elementor-element-7f47db11 elementor-widget elementor-widget-simple-heading\" data-id=\"7f47db11\" data-element_type=\"widget\" data-widget_type=\"simple-heading.default\">\n\t\t\t\t<div class=\"elementor-widget-container\">\n\t\t\t\t\t\t\t\t\t\t<div class=\"heading style1\">\r\n\t\t\t\t<p class=\"heading-text\">B\u00fcy\u00fckesat, U\u011fur Mumcu Cd. No:64 D:3, 06700 \u00c7ankaya\/Ankara<\/p>\r\n\t\t\t<\/div>\r\n\t\t\t\t\t\t<\/div>\n\t\t\t\t<\/div>\n\t\t\t\t<div class=\"elementor-element elementor-element-636ae5df elementor-widget elementor-widget-html\" data-id=\"636ae5df\" data-element_type=\"widget\" data-widget_type=\"html.default\">\n\t\t\t\t<div class=\"elementor-widget-container\">\n\t\t\t\t\t<iframe src=\"https:\/\/www.google.com\/maps\/embed?pb=!1m18!1m12!1m3!1d3061.1422293307983!2d32.87440827476704!3d39.89344778732395!2m3!1f0!2f0!3f0!3m2!1i1024!2i768!4f13.1!3m3!1m2!1s0x14d34feb2e893b55%3A0x2fd3e647069b7afd!2zRG9taW5vIEZ1YXJjxLFsxLFrIEEuxZ4u!5e0!3m2!1str!2s!4v1738057248487!5m2!1str!2s\" width=\"600\" height=\"250\" style=\"border:0;\" allowfullscreen=\"\" loading=\"lazy\" referrerpolicy=\"no-referrer-when-downgrade\"><\/iframe>\t\t\t\t<\/div>\n\t\t\t\t<\/div>\n\t\t\t\t\t<\/div>\n\t\t<\/div>\n\t\t\t\t\t<\/div>\n\t\t<\/section>\n\t\t\t\t\t<\/div>\n\t\t<\/div>\n\t\t\t\t\t<\/div>\n\t\t<\/section>\n\t\t\t\t<\/div>\n\t\t","protected":false},"excerpt":{"rendered":"<p>Maabir Energy Biogas Facility &#8211; 4 Megawatt Maabir Energy produces electricity using biogas resources such as food, animal waste, agricultural residues, and similar organic materials in biogas power plants. Waste materials from livestock farms, which have no other use, are collected without imposing any burden or financial cost on farmers. These materials are then converted [&hellip;]<\/p>\n","protected":false},"author":1,"featured_media":0,"parent":0,"menu_order":0,"comment_status":"closed","ping_status":"closed","template":"page-templates\/template-fullwidth.php","meta":{"footnotes":""},"class_list":["post-10393","page","type-page","status-publish","hentry"],"_links":{"self":[{"href":"https:\/\/domino.com.tr\/index.php\/wp-json\/wp\/v2\/pages\/10393","targetHints":{"allow":["GET"]}}],"collection":[{"href":"https:\/\/domino.com.tr\/index.php\/wp-json\/wp\/v2\/pages"}],"about":[{"href":"https:\/\/domino.com.tr\/index.php\/wp-json\/wp\/v2\/types\/page"}],"author":[{"embeddable":true,"href":"https:\/\/domino.com.tr\/index.php\/wp-json\/wp\/v2\/users\/1"}],"replies":[{"embeddable":true,"href":"https:\/\/domino.com.tr\/index.php\/wp-json\/wp\/v2\/comments?post=10393"}],"version-history":[{"count":17,"href":"https:\/\/domino.com.tr\/index.php\/wp-json\/wp\/v2\/pages\/10393\/revisions"}],"predecessor-version":[{"id":11427,"href":"https:\/\/domino.com.tr\/index.php\/wp-json\/wp\/v2\/pages\/10393\/revisions\/11427"}],"wp:attachment":[{"href":"https:\/\/domino.com.tr\/index.php\/wp-json\/wp\/v2\/media?parent=10393"}],"curies":[{"name":"wp","href":"https:\/\/api.w.org\/{rel}","templated":true}]}}