{"id":10465,"date":"2025-01-17T17:46:39","date_gmt":"2025-01-17T14:46:39","guid":{"rendered":"https:\/\/beta.domino.com.tr\/?page_id=10465"},"modified":"2025-03-03T13:55:07","modified_gmt":"2025-03-03T10:55:07","slug":"carbon-exporter-2","status":"publish","type":"page","link":"https:\/\/domino.com.tr\/index.php\/en\/carbon-exporter-2\/","title":{"rendered":"Carbon Exporter"},"content":{"rendered":"\t\t<div data-elementor-type=\"wp-page\" data-elementor-id=\"10465\" class=\"elementor elementor-10465\">\n\t\t\t\t<div class=\"elementor-element elementor-element-249ccab e-flex e-con-boxed e-con e-parent\" data-id=\"249ccab\" data-element_type=\"container\">\n\t\t\t\t\t<div class=\"e-con-inner\">\n\t\t\t\t\t<\/div>\n\t\t\t\t<\/div>\n\t\t<div class=\"elementor-element elementor-element-84b6c9b e-flex e-con-boxed e-con e-parent\" data-id=\"84b6c9b\" data-element_type=\"container\">\n\t\t\t\t\t<div class=\"e-con-inner\">\n\t\t<div class=\"elementor-element elementor-element-63b691f e-con-full e-flex e-con e-child\" data-id=\"63b691f\" data-element_type=\"container\">\n\t\t\t\t<div class=\"elementor-element elementor-element-6332f13 elementor-widget elementor-widget-text-editor\" data-id=\"6332f13\" data-element_type=\"widget\" data-widget_type=\"text-editor.default\">\n\t\t\t\t<div class=\"elementor-widget-container\">\n\t\t\t\t\t\t\t\t\t<p style=\"text-align: justify;\"><strong>Carbon Exporter | Turkey&#8217;s Leading Carbon Credit and Renewable Energy Certificate Trading Platform<\/strong><\/p>\n<p style=\"text-align: justify;\">Aiming to revolutionize the trade of carbon credits and renewable energy certificates in Turkey, Carbon Exporter seeks to create a national environmental commodities exchange by offering an innovative platform. Our platform provides a direct, intermediary-free, and transparent trading environment between carbon credit and renewable energy certificate producers, investors, and buyers, contributing to Turkey&#8217;s sustainability goals.<\/p>\n<p style=\"text-align: justify;\">As Carbon Exporter, we offer our users the ability to make real-time transactions, quick access to pricing data, and direct connections to global markets. In this way, we increase the efficiency of Turkey\u2019s environmental commodities market and contribute to the development of sustainable trade on a global scale.<\/p>\n<p style=\"text-align: justify;\">With our pioneering platform offering innovative solutions in environmental markets, we are taking steps toward a sustainable future together.<\/p>\t\t\t\t\t\t\t\t<\/div>\n\t\t\t\t<\/div>\n\t\t\t\t<div class=\"elementor-element elementor-element-9c55ebd elementor-widget elementor-widget-dit-button\" data-id=\"9c55ebd\" data-element_type=\"widget\" data-widget_type=\"dit-button.default\">\n\t\t\t\t<div class=\"elementor-widget-container\">\n\t\t\t\t\t\r\n\t\t\r\n\t\t\t<div class=\"dreamit-button style5\">\r\n\t\t\t    \r\n\t\t\t    <div class=\"dreamit-button\">\r\n\t\t\t\t<a class=\"button\" href=\"https:\/\/carbonexporter.com\/\">\r\n\t\t\t\t\tCarbon Exporter\t\t\t\t\t\t\t\t\t\t\t<i aria-hidden=\"true\" class=\"flaticon flaticon-right-arrow\"><\/i>\t\t\t\t\t\t\t\t\t<\/a>\r\n\t\t\t\t<\/div>\r\n\t\t\t<\/div>\r\n\t\t\t\t\r\n\t\t\t\t\t<\/div>\n\t\t\t\t<\/div>\n\t\t\t\t<\/div>\n\t\t<div class=\"elementor-element elementor-element-1802245 e-con-full e-flex e-con e-child\" data-id=\"1802245\" data-element_type=\"container\">\n\t\t\t\t<div class=\"elementor-element elementor-element-70ab5bf elementor-widget elementor-widget-spacer\" data-id=\"70ab5bf\" data-element_type=\"widget\" data-widget_type=\"spacer.default\">\n\t\t\t\t<div class=\"elementor-widget-container\">\n\t\t\t\t\t\t\t<div class=\"elementor-spacer\">\n\t\t\t<div class=\"elementor-spacer-inner\"><\/div>\n\t\t<\/div>\n\t\t\t\t\t\t<\/div>\n\t\t\t\t<\/div>\n\t\t\t\t<div class=\"elementor-element elementor-element-5b02a66 elementor-widget elementor-widget-image\" data-id=\"5b02a66\" data-element_type=\"widget\" data-widget_type=\"image.default\">\n\t\t\t\t<div class=\"elementor-widget-container\">\n\t\t\t\t\t\t\t\t\t\t\t\t\t\t\t<img fetchpriority=\"high\" decoding=\"async\" width=\"1024\" height=\"470\" src=\"https:\/\/domino.com.tr\/wp-content\/uploads\/2025\/01\/ISxPU7hPaCioYaHBoUCT-1024x470.png\" class=\"attachment-large size-large wp-image-10461\" alt=\"\" srcset=\"https:\/\/domino.com.tr\/wp-content\/uploads\/2025\/01\/ISxPU7hPaCioYaHBoUCT-1024x470.png 1024w, https:\/\/domino.com.tr\/wp-content\/uploads\/2025\/01\/ISxPU7hPaCioYaHBoUCT-300x138.png 300w, https:\/\/domino.com.tr\/wp-content\/uploads\/2025\/01\/ISxPU7hPaCioYaHBoUCT-768x353.png 768w, https:\/\/domino.com.tr\/wp-content\/uploads\/2025\/01\/ISxPU7hPaCioYaHBoUCT.png 1235w\" sizes=\"(max-width: 1024px) 100vw, 1024px\" \/>\t\t\t\t\t\t\t\t\t\t\t\t\t\t\t<\/div>\n\t\t\t\t<\/div>\n\t\t\t\t<\/div>\n\t\t\t\t\t<\/div>\n\t\t\t\t<\/div>\n\t\t\t\t<section class=\"elementor-section elementor-top-section elementor-element elementor-element-286a13ec elementor-section-boxed elementor-section-height-default elementor-section-height-default\" data-id=\"286a13ec\" data-element_type=\"section\" data-settings=\"{&quot;background_background&quot;:&quot;classic&quot;}\">\n\t\t\t\t\t\t<div class=\"elementor-container elementor-column-gap-default\">\n\t\t\t\t\t<div class=\"elementor-column elementor-col-100 elementor-top-column elementor-element elementor-element-302e2fd0\" data-id=\"302e2fd0\" data-element_type=\"column\">\n\t\t\t<div class=\"elementor-widget-wrap elementor-element-populated\">\n\t\t\t\t\t\t<section class=\"elementor-section elementor-inner-section elementor-element elementor-element-695902b6 elementor-section-content-middle elementor-section-boxed elementor-section-height-default elementor-section-height-default\" data-id=\"695902b6\" data-element_type=\"section\" data-settings=\"{&quot;background_background&quot;:&quot;classic&quot;}\">\n\t\t\t\t\t\t<div class=\"elementor-container elementor-column-gap-default\">\n\t\t\t\t\t<div class=\"elementor-column elementor-col-100 elementor-inner-column elementor-element elementor-element-5108ffbd\" data-id=\"5108ffbd\" data-element_type=\"column\">\n\t\t\t<div class=\"elementor-widget-wrap elementor-element-populated\">\n\t\t\t\t\t\t<div class=\"elementor-element elementor-element-534967b4 elementor-widget elementor-widget-image\" data-id=\"534967b4\" data-element_type=\"widget\" data-widget_type=\"image.default\">\n\t\t\t\t<div class=\"elementor-widget-container\">\n\t\t\t\t\t\t\t\t\t\t\t\t\t\t\t<img decoding=\"async\" width=\"300\" height=\"180\" src=\"https:\/\/domino.com.tr\/wp-content\/uploads\/2025\/01\/JlrAGgE8FNEIfTaCtFFD-300x180.png\" class=\"attachment-medium size-medium wp-image-10192\" alt=\"\" srcset=\"https:\/\/domino.com.tr\/wp-content\/uploads\/2025\/01\/JlrAGgE8FNEIfTaCtFFD-300x180.png 300w, https:\/\/domino.com.tr\/wp-content\/uploads\/2025\/01\/JlrAGgE8FNEIfTaCtFFD-1024x615.png 1024w, https:\/\/domino.com.tr\/wp-content\/uploads\/2025\/01\/JlrAGgE8FNEIfTaCtFFD-768x461.png 768w, https:\/\/domino.com.tr\/wp-content\/uploads\/2025\/01\/JlrAGgE8FNEIfTaCtFFD.png 1108w\" sizes=\"(max-width: 300px) 100vw, 300px\" \/>\t\t\t\t\t\t\t\t\t\t\t\t\t\t\t<\/div>\n\t\t\t\t<\/div>\n\t\t\t\t\t<\/div>\n\t\t<\/div>\n\t\t\t\t\t<\/div>\n\t\t<\/section>\n\t\t\t\t<section class=\"elementor-section elementor-inner-section elementor-element elementor-element-66edece2 elementor-section-boxed elementor-section-height-default elementor-section-height-default\" data-id=\"66edece2\" data-element_type=\"section\">\n\t\t\t\t\t\t<div class=\"elementor-container elementor-column-gap-default\">\n\t\t\t\t\t<div class=\"elementor-column elementor-col-33 elementor-inner-column elementor-element elementor-element-14540a10\" data-id=\"14540a10\" data-element_type=\"column\">\n\t\t\t<div class=\"elementor-widget-wrap elementor-element-populated\">\n\t\t\t\t\t\t<div class=\"elementor-element elementor-element-551df56f elementor-widget elementor-widget-image\" data-id=\"551df56f\" data-element_type=\"widget\" data-widget_type=\"image.default\">\n\t\t\t\t<div class=\"elementor-widget-container\">\n\t\t\t\t\t\t\t\t\t\t\t\t\t\t\t\t<a href=\"https:\/\/wp.ditsolution.net\/echofy-multi\/\">\n\t\t\t\t\t\t\t<img decoding=\"async\" width=\"150\" height=\"150\" src=\"https:\/\/domino.com.tr\/wp-content\/uploads\/2025\/01\/Untitled-design-69-150x150.png\" class=\"attachment-thumbnail size-thumbnail wp-image-10195\" alt=\"\" srcset=\"https:\/\/domino.com.tr\/wp-content\/uploads\/2025\/01\/Untitled-design-69-150x150.png 150w, https:\/\/domino.com.tr\/wp-content\/uploads\/2025\/01\/Untitled-design-69-300x300.png 300w, https:\/\/domino.com.tr\/wp-content\/uploads\/2025\/01\/Untitled-design-69-450x450.png 450w, https:\/\/domino.com.tr\/wp-content\/uploads\/2025\/01\/Untitled-design-69-106x106.png 106w, https:\/\/domino.com.tr\/wp-content\/uploads\/2025\/01\/Untitled-design-69-80x80.png 80w, https:\/\/domino.com.tr\/wp-content\/uploads\/2025\/01\/Untitled-design-69.png 500w\" sizes=\"(max-width: 150px) 100vw, 150px\" \/>\t\t\t\t\t\t\t\t<\/a>\n\t\t\t\t\t\t\t\t\t\t\t\t\t\t\t<\/div>\n\t\t\t\t<\/div>\n\t\t\t\t<div class=\"elementor-element elementor-element-3bb3fbeb elementor-widget elementor-widget-simple-heading\" data-id=\"3bb3fbeb\" data-element_type=\"widget\" data-widget_type=\"simple-heading.default\">\n\t\t\t\t<div class=\"elementor-widget-container\">\n\t\t\t\t\t\t\t\t\t\t<div class=\"heading style1\">\r\n\t\t\t\t<h6 class=\"heading-text\">Contact<\/h6>\r\n\t\t\t<\/div>\r\n\t\t\t\t\t\t<\/div>\n\t\t\t\t<\/div>\n\t\t\t\t<div class=\"elementor-element elementor-element-48278c82 elementor-icon-list--layout-traditional elementor-list-item-link-full_width elementor-widget elementor-widget-icon-list\" data-id=\"48278c82\" data-element_type=\"widget\" data-widget_type=\"icon-list.default\">\n\t\t\t\t<div class=\"elementor-widget-container\">\n\t\t\t\t\t\t\t<ul class=\"elementor-icon-list-items\">\n\t\t\t\t\t\t\t<li class=\"elementor-icon-list-item\">\n\t\t\t\t\t\t\t\t\t\t\t<a href=\"#\" rel=\"nofollow\">\n\n\t\t\t\t\t\t\t\t\t\t\t\t<span class=\"elementor-icon-list-icon\">\n\t\t\t\t\t\t\t<i aria-hidden=\"true\" class=\"flaticon flaticon-phone-call\"><\/i>\t\t\t\t\t\t<\/span>\n\t\t\t\t\t\t\t\t\t\t<span class=\"elementor-icon-list-text\">0(312)447 46 45<\/span>\n\t\t\t\t\t\t\t\t\t\t\t<\/a>\n\t\t\t\t\t\t\t\t\t<\/li>\n\t\t\t\t\t\t\t\t<li class=\"elementor-icon-list-item\">\n\t\t\t\t\t\t\t\t\t\t\t<a href=\"#\" rel=\"nofollow\">\n\n\t\t\t\t\t\t\t\t\t\t\t\t<span class=\"elementor-icon-list-icon\">\n\t\t\t\t\t\t\t<i aria-hidden=\"true\" class=\"flaticon flaticon-communications\"><\/i>\t\t\t\t\t\t<\/span>\n\t\t\t\t\t\t\t\t\t\t<span class=\"elementor-icon-list-text\">info@domino.com.tr <\/span>\n\t\t\t\t\t\t\t\t\t\t\t<\/a>\n\t\t\t\t\t\t\t\t\t<\/li>\n\t\t\t\t\t\t<\/ul>\n\t\t\t\t\t\t<\/div>\n\t\t\t\t<\/div>\n\t\t\t\t\t<\/div>\n\t\t<\/div>\n\t\t\t\t<div class=\"elementor-column elementor-col-33 elementor-inner-column elementor-element elementor-element-2662a8f\" data-id=\"2662a8f\" data-element_type=\"column\">\n\t\t\t<div class=\"elementor-widget-wrap elementor-element-populated\">\n\t\t\t\t\t\t<div class=\"elementor-element elementor-element-20d85a elementor-widget elementor-widget-image\" data-id=\"20d85a\" data-element_type=\"widget\" data-widget_type=\"image.default\">\n\t\t\t\t<div class=\"elementor-widget-container\">\n\t\t\t\t\t\t\t\t\t\t\t\t\t\t\t<img loading=\"lazy\" decoding=\"async\" width=\"200\" height=\"93\" src=\"https:\/\/domino.com.tr\/wp-content\/uploads\/2023\/12\/YoleG2NbZzaRs79i0z22.jpg\" class=\"attachment-2048x2048 size-2048x2048 wp-image-10646\" alt=\"\" \/>\t\t\t\t\t\t\t\t\t\t\t\t\t\t\t<\/div>\n\t\t\t\t<\/div>\n\t\t\t\t<div class=\"elementor-element elementor-element-60f8fbb3 elementor-widget elementor-widget-image\" data-id=\"60f8fbb3\" data-element_type=\"widget\" data-widget_type=\"image.default\">\n\t\t\t\t<div class=\"elementor-widget-container\">\n\t\t\t\t\t\t\t\t\t\t\t\t\t\t\t<img loading=\"lazy\" decoding=\"async\" width=\"300\" height=\"97\" src=\"https:\/\/domino.com.tr\/wp-content\/uploads\/2023\/12\/EKZJnPF5gNIubPlOMOka-300x97.png\" class=\"attachment-medium size-medium wp-image-10644\" alt=\"\" srcset=\"https:\/\/domino.com.tr\/wp-content\/uploads\/2023\/12\/EKZJnPF5gNIubPlOMOka-300x97.png 300w, https:\/\/domino.com.tr\/wp-content\/uploads\/2023\/12\/EKZJnPF5gNIubPlOMOka.png 756w\" sizes=\"(max-width: 300px) 100vw, 300px\" \/>\t\t\t\t\t\t\t\t\t\t\t\t\t\t\t<\/div>\n\t\t\t\t<\/div>\n\t\t\t\t<div class=\"elementor-element elementor-element-7a8bb95f elementor-widget elementor-widget-image\" data-id=\"7a8bb95f\" data-element_type=\"widget\" data-widget_type=\"image.default\">\n\t\t\t\t<div class=\"elementor-widget-container\">\n\t\t\t\t\t\t\t\t\t\t\t\t\t\t\t<img loading=\"lazy\" decoding=\"async\" width=\"300\" height=\"110\" src=\"https:\/\/domino.com.tr\/wp-content\/uploads\/2023\/12\/PnVgQG687ouPE2tFyjV7-300x110.png\" class=\"attachment-medium size-medium wp-image-10645\" alt=\"\" srcset=\"https:\/\/domino.com.tr\/wp-content\/uploads\/2023\/12\/PnVgQG687ouPE2tFyjV7-300x110.png 300w, https:\/\/domino.com.tr\/wp-content\/uploads\/2023\/12\/PnVgQG687ouPE2tFyjV7-1024x376.png 1024w, https:\/\/domino.com.tr\/wp-content\/uploads\/2023\/12\/PnVgQG687ouPE2tFyjV7-768x282.png 768w, https:\/\/domino.com.tr\/wp-content\/uploads\/2023\/12\/PnVgQG687ouPE2tFyjV7-1536x564.png 1536w, https:\/\/domino.com.tr\/wp-content\/uploads\/2023\/12\/PnVgQG687ouPE2tFyjV7.png 1600w\" sizes=\"(max-width: 300px) 100vw, 300px\" \/>\t\t\t\t\t\t\t\t\t\t\t\t\t\t\t<\/div>\n\t\t\t\t<\/div>\n\t\t\t\t<div class=\"elementor-element elementor-element-79b0f05 elementor-widget elementor-widget-image\" data-id=\"79b0f05\" data-element_type=\"widget\" data-widget_type=\"image.default\">\n\t\t\t\t<div class=\"elementor-widget-container\">\n\t\t\t\t\t\t\t\t\t\t\t\t\t\t\t<img loading=\"lazy\" decoding=\"async\" width=\"290\" height=\"86\" src=\"https:\/\/domino.com.tr\/wp-content\/uploads\/2023\/12\/A9FBzaEqJ25GpS3e2Wdj.png\" class=\"attachment-medium size-medium wp-image-10643\" alt=\"\" \/>\t\t\t\t\t\t\t\t\t\t\t\t\t\t\t<\/div>\n\t\t\t\t<\/div>\n\t\t\t\t\t<\/div>\n\t\t<\/div>\n\t\t\t\t<div class=\"elementor-column elementor-col-33 elementor-inner-column elementor-element elementor-element-1df05d2a\" data-id=\"1df05d2a\" data-element_type=\"column\">\n\t\t\t<div class=\"elementor-widget-wrap elementor-element-populated\">\n\t\t\t\t\t\t<div class=\"elementor-element elementor-element-4b06f6ee elementor-widget elementor-widget-simple-heading\" data-id=\"4b06f6ee\" data-element_type=\"widget\" data-widget_type=\"simple-heading.default\">\n\t\t\t\t<div class=\"elementor-widget-container\">\n\t\t\t\t\t\t\t\t\t\t<div class=\"heading style1\">\r\n\t\t\t\t<h3 class=\"heading-text\">Address<\/h3>\r\n\t\t\t<\/div>\r\n\t\t\t\t\t\t<\/div>\n\t\t\t\t<\/div>\n\t\t\t\t<div class=\"elementor-element elementor-element-7be54287 elementor-widget elementor-widget-simple-heading\" data-id=\"7be54287\" data-element_type=\"widget\" data-widget_type=\"simple-heading.default\">\n\t\t\t\t<div class=\"elementor-widget-container\">\n\t\t\t\t\t\t\t\t\t\t<div class=\"heading style1\">\r\n\t\t\t\t<p class=\"heading-text\">B\u00fcy\u00fckesat, U\u011fur Mumcu Cd. No:64 D:3, 06700 \u00c7ankaya\/Ankara<\/p>\r\n\t\t\t<\/div>\r\n\t\t\t\t\t\t<\/div>\n\t\t\t\t<\/div>\n\t\t\t\t<div class=\"elementor-element elementor-element-33ba41ca elementor-widget elementor-widget-html\" data-id=\"33ba41ca\" data-element_type=\"widget\" data-widget_type=\"html.default\">\n\t\t\t\t<div class=\"elementor-widget-container\">\n\t\t\t\t\t<iframe src=\"https:\/\/www.google.com\/maps\/embed?pb=!1m18!1m12!1m3!1d3061.1422293307983!2d32.87440827476704!3d39.89344778732395!2m3!1f0!2f0!3f0!3m2!1i1024!2i768!4f13.1!3m3!1m2!1s0x14d34feb2e893b55%3A0x2fd3e647069b7afd!2zRG9taW5vIEZ1YXJjxLFsxLFrIEEuxZ4u!5e0!3m2!1str!2s!4v1738057248487!5m2!1str!2s\" width=\"600\" height=\"250\" style=\"border:0;\" allowfullscreen=\"\" loading=\"lazy\" referrerpolicy=\"no-referrer-when-downgrade\"><\/iframe>\t\t\t\t<\/div>\n\t\t\t\t<\/div>\n\t\t\t\t\t<\/div>\n\t\t<\/div>\n\t\t\t\t\t<\/div>\n\t\t<\/section>\n\t\t\t\t\t<\/div>\n\t\t<\/div>\n\t\t\t\t\t<\/div>\n\t\t<\/section>\n\t\t\t\t<\/div>\n\t\t","protected":false},"excerpt":{"rendered":"<p>Carbon Exporter | Turkey&#8217;s Leading Carbon Credit and Renewable Energy Certificate Trading Platform Aiming to revolutionize the trade of carbon credits and renewable energy certificates in Turkey, Carbon Exporter seeks to create a national environmental commodities exchange by offering an innovative platform. Our platform provides a direct, intermediary-free, and transparent trading environment between carbon credit [&hellip;]<\/p>\n","protected":false},"author":1,"featured_media":0,"parent":0,"menu_order":0,"comment_status":"closed","ping_status":"closed","template":"page-templates\/template-fullwidth.php","meta":{"footnotes":""},"class_list":["post-10465","page","type-page","status-publish","hentry"],"_links":{"self":[{"href":"https:\/\/domino.com.tr\/index.php\/wp-json\/wp\/v2\/pages\/10465","targetHints":{"allow":["GET"]}}],"collection":[{"href":"https:\/\/domino.com.tr\/index.php\/wp-json\/wp\/v2\/pages"}],"about":[{"href":"https:\/\/domino.com.tr\/index.php\/wp-json\/wp\/v2\/types\/page"}],"author":[{"embeddable":true,"href":"https:\/\/domino.com.tr\/index.php\/wp-json\/wp\/v2\/users\/1"}],"replies":[{"embeddable":true,"href":"https:\/\/domino.com.tr\/index.php\/wp-json\/wp\/v2\/comments?post=10465"}],"version-history":[{"count":17,"href":"https:\/\/domino.com.tr\/index.php\/wp-json\/wp\/v2\/pages\/10465\/revisions"}],"predecessor-version":[{"id":11397,"href":"https:\/\/domino.com.tr\/index.php\/wp-json\/wp\/v2\/pages\/10465\/revisions\/11397"}],"wp:attachment":[{"href":"https:\/\/domino.com.tr\/index.php\/wp-json\/wp\/v2\/media?parent=10465"}],"curies":[{"name":"wp","href":"https:\/\/api.w.org\/{rel}","templated":true}]}}