{"id":10480,"date":"2025-01-21T01:01:06","date_gmt":"2025-01-20T22:01:06","guid":{"rendered":"https:\/\/beta.domino.com.tr\/?page_id=10480"},"modified":"2025-01-21T01:22:56","modified_gmt":"2025-01-20T22:22:56","slug":"cla-akademi","status":"publish","type":"page","link":"https:\/\/domino.com.tr\/index.php\/cla-akademi\/","title":{"rendered":"CLA AKADEM\u0130"},"content":{"rendered":"\t\t<div data-elementor-type=\"wp-page\" data-elementor-id=\"10480\" class=\"elementor elementor-10480\">\n\t\t\t\t<div class=\"elementor-element elementor-element-1aa56bd7 e-flex e-con-boxed e-con e-parent\" data-id=\"1aa56bd7\" data-element_type=\"container\">\n\t\t\t\t\t<div class=\"e-con-inner\">\n\t\t\t\t\t<\/div>\n\t\t\t\t<\/div>\n\t\t<div class=\"elementor-element elementor-element-a28ff67 e-flex e-con-boxed e-con e-parent\" data-id=\"a28ff67\" data-element_type=\"container\">\n\t\t\t\t\t<div class=\"e-con-inner\">\n\t\t<div class=\"elementor-element elementor-element-9774a90 e-con-full e-flex e-con e-child\" data-id=\"9774a90\" data-element_type=\"container\">\n\t\t\t\t<div class=\"elementor-element elementor-element-f99bf6e elementor-widget elementor-widget-spacer\" data-id=\"f99bf6e\" data-element_type=\"widget\" data-widget_type=\"spacer.default\">\n\t\t\t\t<div class=\"elementor-widget-container\">\n\t\t\t\t\t\t\t<div class=\"elementor-spacer\">\n\t\t\t<div class=\"elementor-spacer-inner\"><\/div>\n\t\t<\/div>\n\t\t\t\t\t\t<\/div>\n\t\t\t\t<\/div>\n\t\t\t\t<div class=\"elementor-element elementor-element-6d9bfc5 elementor-widget elementor-widget-heading\" data-id=\"6d9bfc5\" data-element_type=\"widget\" data-widget_type=\"heading.default\">\n\t\t\t\t<div class=\"elementor-widget-container\">\n\t\t\t\t\t<h2 class=\"elementor-heading-title elementor-size-default\">CLA AKADEM\u0130<\/h2>\t\t\t\t<\/div>\n\t\t\t\t<\/div>\n\t\t\t\t<div class=\"elementor-element elementor-element-6a0b490 elementor-widget elementor-widget-text-editor\" data-id=\"6a0b490\" data-element_type=\"widget\" data-widget_type=\"text-editor.default\">\n\t\t\t\t<div class=\"elementor-widget-container\">\n\t\t\t\t\t\t\t\t\t<p style=\"text-align: justify;\">CLA Academy olarak, 20 y\u0131l\u0131 a\u015fk\u0131n s\u00fcredir enerji ve hukuk alan\u0131ndaki bilgi birikimimizi, e\u011fitim alan\u0131ndaki tecr\u00fcbelerimizle birle\u015ftirerek sekt\u00f6rel bazda \u00e7e\u015fitli teknik ve piyasa odakl\u0131 e\u011fitim programlar\u0131 olu\u015fturuyoruz.<br \/>Genel kat\u0131l\u0131ma a\u00e7\u0131k programlar\u0131n yan\u0131 s\u0131ra, T\u00fcrkiye\u2019nin \u00f6nde gelen bir\u00e7ok kurumu ve kurulu\u015fu i\u00e7in \u00f6zel olarak tasarlanm\u0131\u015f kapal\u0131 s\u0131n\u0131f e\u011fitimlerini de tercihinize g\u00f6re y\u00fcz y\u00fcze veya online olarak ger\u00e7ekle\u015ftirmekteyiz.<\/p>\t\t\t\t\t\t\t\t<\/div>\n\t\t\t\t<\/div>\n\t\t\t\t<div class=\"elementor-element elementor-element-81a4cbd elementor-widget elementor-widget-dit-button\" data-id=\"81a4cbd\" data-element_type=\"widget\" data-widget_type=\"dit-button.default\">\n\t\t\t\t<div class=\"elementor-widget-container\">\n\t\t\t\t\t\r\n\t\t\r\n\t\t\t<div class=\"dreamit-button style5\">\r\n\t\t\t    \r\n\t\t\t    <div class=\"dreamit-button\">\r\n\t\t\t\t<a class=\"button\" href=\"https:\/\/cla.com.tr\/\">\r\n\t\t\t\t\tCLA Academy \t\t\t\t\t\t\t\t\t\t\t<i aria-hidden=\"true\" class=\"flaticon flaticon-right-arrow\"><\/i>\t\t\t\t\t\t\t\t\t<\/a>\r\n\t\t\t\t<\/div>\r\n\t\t\t<\/div>\r\n\t\t\t\t\r\n\t\t\t\t\t<\/div>\n\t\t\t\t<\/div>\n\t\t\t\t<\/div>\n\t\t<div class=\"elementor-element elementor-element-b5f96e4 e-con-full e-flex e-con e-child\" data-id=\"b5f96e4\" data-element_type=\"container\">\n\t\t\t\t<div class=\"elementor-element elementor-element-1eff53b elementor-widget elementor-widget-image\" data-id=\"1eff53b\" data-element_type=\"widget\" data-widget_type=\"image.default\">\n\t\t\t\t<div class=\"elementor-widget-container\">\n\t\t\t\t\t\t\t\t\t\t\t\t\t\t\t<img fetchpriority=\"high\" decoding=\"async\" width=\"1391\" height=\"1600\" src=\"https:\/\/domino.com.tr\/wp-content\/uploads\/2025\/01\/logo-1-1.png\" class=\"attachment-full size-full wp-image-10483\" alt=\"\" srcset=\"https:\/\/domino.com.tr\/wp-content\/uploads\/2025\/01\/logo-1-1.png 1391w, https:\/\/domino.com.tr\/wp-content\/uploads\/2025\/01\/logo-1-1-261x300.png 261w, https:\/\/domino.com.tr\/wp-content\/uploads\/2025\/01\/logo-1-1-890x1024.png 890w, https:\/\/domino.com.tr\/wp-content\/uploads\/2025\/01\/logo-1-1-768x883.png 768w, https:\/\/domino.com.tr\/wp-content\/uploads\/2025\/01\/logo-1-1-1335x1536.png 1335w\" sizes=\"(max-width: 1391px) 100vw, 1391px\" \/>\t\t\t\t\t\t\t\t\t\t\t\t\t\t\t<\/div>\n\t\t\t\t<\/div>\n\t\t\t\t<\/div>\n\t\t\t\t\t<\/div>\n\t\t\t\t<\/div>\n\t\t<div class=\"elementor-element elementor-element-0e07547 e-flex e-con-boxed e-con e-parent\" data-id=\"0e07547\" data-element_type=\"container\">\n\t\t\t\t\t<div class=\"e-con-inner\">\n\t\t\t\t\t<\/div>\n\t\t\t\t<\/div>\n\t\t\t\t<\/div>\n\t\t","protected":false},"excerpt":{"rendered":"<p>CLA AKADEM\u0130 CLA Academy olarak, 20 y\u0131l\u0131 a\u015fk\u0131n s\u00fcredir enerji ve hukuk alan\u0131ndaki bilgi birikimimizi, e\u011fitim alan\u0131ndaki tecr\u00fcbelerimizle birle\u015ftirerek sekt\u00f6rel bazda \u00e7e\u015fitli teknik ve piyasa odakl\u0131 e\u011fitim programlar\u0131 olu\u015fturuyoruz.Genel kat\u0131l\u0131ma a\u00e7\u0131k programlar\u0131n yan\u0131 s\u0131ra, T\u00fcrkiye\u2019nin \u00f6nde gelen bir\u00e7ok kurumu ve kurulu\u015fu i\u00e7in \u00f6zel olarak tasarlanm\u0131\u015f kapal\u0131 s\u0131n\u0131f e\u011fitimlerini de tercihinize g\u00f6re y\u00fcz y\u00fcze veya online [&hellip;]<\/p>\n","protected":false},"author":1,"featured_media":0,"parent":0,"menu_order":0,"comment_status":"closed","ping_status":"closed","template":"","meta":{"footnotes":""},"class_list":["post-10480","page","type-page","status-publish","hentry"],"_links":{"self":[{"href":"https:\/\/domino.com.tr\/index.php\/wp-json\/wp\/v2\/pages\/10480","targetHints":{"allow":["GET"]}}],"collection":[{"href":"https:\/\/domino.com.tr\/index.php\/wp-json\/wp\/v2\/pages"}],"about":[{"href":"https:\/\/domino.com.tr\/index.php\/wp-json\/wp\/v2\/types\/page"}],"author":[{"embeddable":true,"href":"https:\/\/domino.com.tr\/index.php\/wp-json\/wp\/v2\/users\/1"}],"replies":[{"embeddable":true,"href":"https:\/\/domino.com.tr\/index.php\/wp-json\/wp\/v2\/comments?post=10480"}],"version-history":[{"count":10,"href":"https:\/\/domino.com.tr\/index.php\/wp-json\/wp\/v2\/pages\/10480\/revisions"}],"predecessor-version":[{"id":10504,"href":"https:\/\/domino.com.tr\/index.php\/wp-json\/wp\/v2\/pages\/10480\/revisions\/10504"}],"wp:attachment":[{"href":"https:\/\/domino.com.tr\/index.php\/wp-json\/wp\/v2\/media?parent=10480"}],"curies":[{"name":"wp","href":"https:\/\/api.w.org\/{rel}","templated":true}]}}