{"id":11782,"date":"2025-12-12T11:58:49","date_gmt":"2025-12-12T08:58:49","guid":{"rendered":"https:\/\/domino.com.tr\/?page_id=11782"},"modified":"2025-12-12T13:01:02","modified_gmt":"2025-12-12T10:01:02","slug":"besi-yatirimlari","status":"publish","type":"page","link":"https:\/\/domino.com.tr\/index.php\/besi-yatirimlari\/","title":{"rendered":"Besi Yat\u0131r\u0131mlar\u0131"},"content":{"rendered":"\t\t<div data-elementor-type=\"wp-page\" data-elementor-id=\"11782\" class=\"elementor elementor-11782\">\n\t\t\t\t<div class=\"elementor-element elementor-element-6d33237 e-con-full e-flex e-con e-parent\" data-id=\"6d33237\" data-element_type=\"container\">\n\t\t<div class=\"elementor-element elementor-element-adca70e e-con-full e-flex e-con e-child\" data-id=\"adca70e\" data-element_type=\"container\">\n\t\t\t\t<div class=\"elementor-element elementor-element-cd08ba0 elementor-widget elementor-widget-text-editor\" data-id=\"cd08ba0\" data-element_type=\"widget\" data-widget_type=\"text-editor.default\">\n\t\t\t\t<div class=\"elementor-widget-container\">\n\t\t\t\t\t\t\t\t\t<p style=\"text-align: justify;\">\u00c7ubuk Hayvanc\u0131l\u0131k \u0130htisas Organize Sanayi B\u00f6lgesi\u2019nde, 9.375 m\u00b2 b\u00fcy\u00fckl\u00fc\u011f\u00fcndeki arsa \u00fczerinde 500 ba\u015f kapasiteli modern bir besi \u00e7iftli\u011fi yat\u0131r\u0131m\u0131 hayata ge\u00e7irilmi\u015ftir. Tesis, b\u00f6lgenin hayvanc\u0131l\u0131k potansiyelini verimli \u015fekilde kullanarak y\u00fcksek standartlarda \u00fcretim yap\u0131lmas\u0131n\u0131 hedeflemekte olup, altyap\u0131s\u0131, hayvan refah\u0131na uygun planlamas\u0131 ve s\u00fcrd\u00fcr\u00fclebilir i\u015fletme modeli ile \u00f6ne \u00e7\u0131kmaktad\u0131r. Bu yat\u0131r\u0131m, hem b\u00f6lgesel kalk\u0131nmaya katk\u0131 sa\u011flamakta hem de modern hayvanc\u0131l\u0131k uygulamalar\u0131na \u00f6rnek te\u015fkil etmektedir.<\/p>\t\t\t\t\t\t\t\t<\/div>\n\t\t\t\t<\/div>\n\t\t\t\t<\/div>\n\t\t<div class=\"elementor-element elementor-element-4b3aa19 e-con-full e-flex e-con e-child\" data-id=\"4b3aa19\" data-element_type=\"container\">\n\t\t\t\t<div class=\"elementor-element elementor-element-292c144 elementor-widget__width-initial elementor-widget elementor-widget-image\" data-id=\"292c144\" data-element_type=\"widget\" data-widget_type=\"image.default\">\n\t\t\t\t<div class=\"elementor-widget-container\">\n\t\t\t\t\t\t\t\t\t\t\t\t\t\t\t<img fetchpriority=\"high\" decoding=\"async\" width=\"768\" height=\"1024\" src=\"https:\/\/domino.com.tr\/wp-content\/uploads\/2025\/12\/WhatsApp-Image-2025-12-12-at-11.50.17-AM-768x1024.jpeg\" class=\"attachment-large size-large wp-image-11787\" alt=\"\" srcset=\"https:\/\/domino.com.tr\/wp-content\/uploads\/2025\/12\/WhatsApp-Image-2025-12-12-at-11.50.17-AM-768x1024.jpeg 768w, https:\/\/domino.com.tr\/wp-content\/uploads\/2025\/12\/WhatsApp-Image-2025-12-12-at-11.50.17-AM-225x300.jpeg 225w, https:\/\/domino.com.tr\/wp-content\/uploads\/2025\/12\/WhatsApp-Image-2025-12-12-at-11.50.17-AM-1152x1536.jpeg 1152w, https:\/\/domino.com.tr\/wp-content\/uploads\/2025\/12\/WhatsApp-Image-2025-12-12-at-11.50.17-AM.jpeg 1200w\" sizes=\"(max-width: 768px) 100vw, 768px\" \/>\t\t\t\t\t\t\t\t\t\t\t\t\t\t\t<\/div>\n\t\t\t\t<\/div>\n\t\t\t\t<\/div>\n\t\t\t\t<\/div>\n\t\t<div class=\"elementor-element elementor-element-5637a94 e-flex e-con-boxed e-con e-parent\" data-id=\"5637a94\" data-element_type=\"container\">\n\t\t\t\t\t<div class=\"e-con-inner\">\n\t\t\t\t\t<\/div>\n\t\t\t\t<\/div>\n\t\t\t\t<\/div>\n\t\t","protected":false},"excerpt":{"rendered":"<p>\u00c7ubuk Hayvanc\u0131l\u0131k \u0130htisas Organize Sanayi B\u00f6lgesi\u2019nde, 9.375 m\u00b2 b\u00fcy\u00fckl\u00fc\u011f\u00fcndeki arsa \u00fczerinde 500 ba\u015f kapasiteli modern bir besi \u00e7iftli\u011fi yat\u0131r\u0131m\u0131 hayata ge\u00e7irilmi\u015ftir. Tesis, b\u00f6lgenin hayvanc\u0131l\u0131k potansiyelini verimli \u015fekilde kullanarak y\u00fcksek standartlarda \u00fcretim yap\u0131lmas\u0131n\u0131 hedeflemekte olup, altyap\u0131s\u0131, hayvan refah\u0131na uygun planlamas\u0131 ve s\u00fcrd\u00fcr\u00fclebilir i\u015fletme modeli ile \u00f6ne \u00e7\u0131kmaktad\u0131r. Bu yat\u0131r\u0131m, hem b\u00f6lgesel kalk\u0131nmaya katk\u0131 sa\u011flamakta hem de [&hellip;]<\/p>\n","protected":false},"author":1,"featured_media":0,"parent":0,"menu_order":0,"comment_status":"closed","ping_status":"closed","template":"","meta":{"footnotes":""},"class_list":["post-11782","page","type-page","status-publish","hentry"],"_links":{"self":[{"href":"https:\/\/domino.com.tr\/index.php\/wp-json\/wp\/v2\/pages\/11782","targetHints":{"allow":["GET"]}}],"collection":[{"href":"https:\/\/domino.com.tr\/index.php\/wp-json\/wp\/v2\/pages"}],"about":[{"href":"https:\/\/domino.com.tr\/index.php\/wp-json\/wp\/v2\/types\/page"}],"author":[{"embeddable":true,"href":"https:\/\/domino.com.tr\/index.php\/wp-json\/wp\/v2\/users\/1"}],"replies":[{"embeddable":true,"href":"https:\/\/domino.com.tr\/index.php\/wp-json\/wp\/v2\/comments?post=11782"}],"version-history":[{"count":20,"href":"https:\/\/domino.com.tr\/index.php\/wp-json\/wp\/v2\/pages\/11782\/revisions"}],"predecessor-version":[{"id":11830,"href":"https:\/\/domino.com.tr\/index.php\/wp-json\/wp\/v2\/pages\/11782\/revisions\/11830"}],"wp:attachment":[{"href":"https:\/\/domino.com.tr\/index.php\/wp-json\/wp\/v2\/media?parent=11782"}],"curies":[{"name":"wp","href":"https:\/\/api.w.org\/{rel}","templated":true}]}}