{"id":11801,"date":"2025-12-12T12:21:57","date_gmt":"2025-12-12T09:21:57","guid":{"rendered":"https:\/\/domino.com.tr\/?page_id=11801"},"modified":"2025-12-12T13:01:34","modified_gmt":"2025-12-12T10:01:34","slug":"kompos-tesisi","status":"publish","type":"page","link":"https:\/\/domino.com.tr\/index.php\/kompos-tesisi\/","title":{"rendered":"KOMPOST G\u00dcBRE \u00dcRET\u0130M TES\u0130S\u0130 YATIRIMI"},"content":{"rendered":"\t\t<div data-elementor-type=\"wp-page\" data-elementor-id=\"11801\" class=\"elementor elementor-11801\">\n\t\t\t\t<div class=\"elementor-element elementor-element-b3c7102 e-con-full e-flex e-con e-parent\" data-id=\"b3c7102\" data-element_type=\"container\">\n\t\t<div class=\"elementor-element elementor-element-150ce6a e-con-full e-flex e-con e-child\" data-id=\"150ce6a\" data-element_type=\"container\">\n\t\t\t\t<div class=\"elementor-element elementor-element-11aee2a elementor-widget elementor-widget-text-editor\" data-id=\"11aee2a\" data-element_type=\"widget\" data-widget_type=\"text-editor.default\">\n\t\t\t\t<div class=\"elementor-widget-container\">\n\t\t\t\t\t\t\t\t\t<p style=\"text-align: justify;\">\u00c7ubuk Hayvanc\u0131l\u0131k \u0130htisas OSB\u2019de olu\u015fan hayvansal at\u0131klar\u0131 kompostlayarak organik g\u00fcbreye d\u00f6n\u00fc\u015ft\u00fcren modern bir bertaraf tesisi yat\u0131r\u0131m\u0131 ger\u00e7ekle\u015ftirilmi\u015ftir. 10.000 m\u00b2 b\u00fcy\u00fckl\u00fc\u011f\u00fcndeki arsa \u00fczerinde kurulan tesis, b\u00f6lgedeki at\u0131k y\u00f6netimini \u00e7evreci ve s\u00fcrd\u00fcr\u00fclebilir bir yap\u0131ya kavu\u015fturmay\u0131 ama\u00e7lamakta olup, ileri kompost teknolojileri sayesinde at\u0131klar\u0131 verimli bir \u015fekilde i\u015fleyerek y\u00fcksek kaliteli organik g\u00fcbre \u00fcretmektedir. Bu yat\u0131r\u0131m, hem \u00e7evresel s\u00fcrd\u00fcr\u00fclebilirli\u011fe katk\u0131 sa\u011flamakta hem de b\u00f6lge tar\u0131m\u0131n\u0131n ihtiya\u00e7 duydu\u011fu do\u011fal g\u00fcbre tedarikine \u00f6nemli bir destek sunmaktad\u0131r.<\/p>\t\t\t\t\t\t\t\t<\/div>\n\t\t\t\t<\/div>\n\t\t\t\t<\/div>\n\t\t<div class=\"elementor-element elementor-element-8d2f705 e-con-full e-flex e-con e-child\" data-id=\"8d2f705\" data-element_type=\"container\">\n\t\t\t\t<div class=\"elementor-element elementor-element-f4a4323 elementor-widget elementor-widget-image\" data-id=\"f4a4323\" data-element_type=\"widget\" data-widget_type=\"image.default\">\n\t\t\t\t<div class=\"elementor-widget-container\">\n\t\t\t\t\t\t\t\t\t\t\t\t\t\t\t<img fetchpriority=\"high\" decoding=\"async\" width=\"1024\" height=\"682\" src=\"https:\/\/domino.com.tr\/wp-content\/uploads\/2025\/12\/WhatsApp-Image-2025-12-12-at-12.08.27-PM-1024x682.jpeg\" class=\"attachment-large size-large wp-image-11788\" alt=\"\" srcset=\"https:\/\/domino.com.tr\/wp-content\/uploads\/2025\/12\/WhatsApp-Image-2025-12-12-at-12.08.27-PM-1024x682.jpeg 1024w, https:\/\/domino.com.tr\/wp-content\/uploads\/2025\/12\/WhatsApp-Image-2025-12-12-at-12.08.27-PM-300x200.jpeg 300w, https:\/\/domino.com.tr\/wp-content\/uploads\/2025\/12\/WhatsApp-Image-2025-12-12-at-12.08.27-PM-768x512.jpeg 768w, https:\/\/domino.com.tr\/wp-content\/uploads\/2025\/12\/WhatsApp-Image-2025-12-12-at-12.08.27-PM-1536x1023.jpeg 1536w, https:\/\/domino.com.tr\/wp-content\/uploads\/2025\/12\/WhatsApp-Image-2025-12-12-at-12.08.27-PM.jpeg 1600w\" sizes=\"(max-width: 1024px) 100vw, 1024px\" \/>\t\t\t\t\t\t\t\t\t\t\t\t\t\t\t<\/div>\n\t\t\t\t<\/div>\n\t\t\t\t<\/div>\n\t\t\t\t<\/div>\n\t\t\t\t<\/div>\n\t\t","protected":false},"excerpt":{"rendered":"<p>\u00c7ubuk Hayvanc\u0131l\u0131k \u0130htisas OSB\u2019de olu\u015fan hayvansal at\u0131klar\u0131 kompostlayarak organik g\u00fcbreye d\u00f6n\u00fc\u015ft\u00fcren modern bir bertaraf tesisi yat\u0131r\u0131m\u0131 ger\u00e7ekle\u015ftirilmi\u015ftir. 10.000 m\u00b2 b\u00fcy\u00fckl\u00fc\u011f\u00fcndeki arsa \u00fczerinde kurulan tesis, b\u00f6lgedeki at\u0131k y\u00f6netimini \u00e7evreci ve s\u00fcrd\u00fcr\u00fclebilir bir yap\u0131ya kavu\u015fturmay\u0131 ama\u00e7lamakta olup, ileri kompost teknolojileri sayesinde at\u0131klar\u0131 verimli bir \u015fekilde i\u015fleyerek y\u00fcksek kaliteli organik g\u00fcbre \u00fcretmektedir. Bu yat\u0131r\u0131m, hem \u00e7evresel s\u00fcrd\u00fcr\u00fclebilirli\u011fe katk\u0131 [&hellip;]<\/p>\n","protected":false},"author":1,"featured_media":0,"parent":0,"menu_order":0,"comment_status":"closed","ping_status":"closed","template":"","meta":{"footnotes":""},"class_list":["post-11801","page","type-page","status-publish","hentry"],"_links":{"self":[{"href":"https:\/\/domino.com.tr\/index.php\/wp-json\/wp\/v2\/pages\/11801","targetHints":{"allow":["GET"]}}],"collection":[{"href":"https:\/\/domino.com.tr\/index.php\/wp-json\/wp\/v2\/pages"}],"about":[{"href":"https:\/\/domino.com.tr\/index.php\/wp-json\/wp\/v2\/types\/page"}],"author":[{"embeddable":true,"href":"https:\/\/domino.com.tr\/index.php\/wp-json\/wp\/v2\/users\/1"}],"replies":[{"embeddable":true,"href":"https:\/\/domino.com.tr\/index.php\/wp-json\/wp\/v2\/comments?post=11801"}],"version-history":[{"count":12,"href":"https:\/\/domino.com.tr\/index.php\/wp-json\/wp\/v2\/pages\/11801\/revisions"}],"predecessor-version":[{"id":11836,"href":"https:\/\/domino.com.tr\/index.php\/wp-json\/wp\/v2\/pages\/11801\/revisions\/11836"}],"wp:attachment":[{"href":"https:\/\/domino.com.tr\/index.php\/wp-json\/wp\/v2\/media?parent=11801"}],"curies":[{"name":"wp","href":"https:\/\/api.w.org\/{rel}","templated":true}]}}