{"id":11816,"date":"2025-12-12T12:30:15","date_gmt":"2025-12-12T09:30:15","guid":{"rendered":"https:\/\/domino.com.tr\/?page_id=11816"},"modified":"2025-12-12T13:04:18","modified_gmt":"2025-12-12T10:04:18","slug":"cati-ustu-ges-yatirimimiz","status":"publish","type":"page","link":"https:\/\/domino.com.tr\/index.php\/cati-ustu-ges-yatirimimiz\/","title":{"rendered":"\u00c7at\u0131 \u00dcst\u00fc GES Yat\u0131r\u0131m\u0131"},"content":{"rendered":"\t\t<div data-elementor-type=\"wp-page\" data-elementor-id=\"11816\" class=\"elementor elementor-11816\">\n\t\t\t\t<div class=\"elementor-element elementor-element-32bfb82 e-flex e-con-boxed e-con e-parent\" data-id=\"32bfb82\" data-element_type=\"container\">\n\t\t\t\t\t<div class=\"e-con-inner\">\n\t\t<div class=\"elementor-element elementor-element-d8e1dd5 e-con-full e-flex e-con e-child\" data-id=\"d8e1dd5\" data-element_type=\"container\">\n\t\t\t\t<div class=\"elementor-element elementor-element-3fadca4 elementor-widget elementor-widget-image\" data-id=\"3fadca4\" data-element_type=\"widget\" data-widget_type=\"image.default\">\n\t\t\t\t<div class=\"elementor-widget-container\">\n\t\t\t\t\t\t\t\t\t\t\t\t\t\t\t<img fetchpriority=\"high\" decoding=\"async\" width=\"634\" height=\"303\" src=\"https:\/\/domino.com.tr\/wp-content\/uploads\/2025\/12\/WhatsApp-Image-2025-12-12-at-12.16.18-PM.jpeg\" class=\"attachment-large size-large wp-image-11821\" alt=\"\" srcset=\"https:\/\/domino.com.tr\/wp-content\/uploads\/2025\/12\/WhatsApp-Image-2025-12-12-at-12.16.18-PM.jpeg 634w, https:\/\/domino.com.tr\/wp-content\/uploads\/2025\/12\/WhatsApp-Image-2025-12-12-at-12.16.18-PM-300x143.jpeg 300w\" sizes=\"(max-width: 634px) 100vw, 634px\" \/>\t\t\t\t\t\t\t\t\t\t\t\t\t\t\t<\/div>\n\t\t\t\t<\/div>\n\t\t\t\t<\/div>\n\t\t<div class=\"elementor-element elementor-element-7fdcdf2 e-con-full e-flex e-con e-child\" data-id=\"7fdcdf2\" data-element_type=\"container\">\n\t\t\t\t<div class=\"elementor-element elementor-element-d3cc003 elementor-widget elementor-widget-text-editor\" data-id=\"d3cc003\" data-element_type=\"widget\" data-widget_type=\"text-editor.default\">\n\t\t\t\t<div class=\"elementor-widget-container\">\n\t\t\t\t\t\t\t\t\t<p style=\"text-align: justify;\">Ankara \u00c7ankaya\u2019da bulunan \u015firket merkezimizin \u00e7at\u0131s\u0131na 40 kW kapasiteli \u00e7at\u0131 \u00fcst\u00fc GES yat\u0131r\u0131m\u0131 ger\u00e7ekle\u015ftirilmi\u015ftir. Bu sistemle \u00fcretilen elektrik, binam\u0131z\u0131n g\u00fcnl\u00fck enerji t\u00fcketimini kar\u015f\u0131lamakta ve i\u015fletmemizin enerji maliyetlerini \u00f6nemli \u00f6l\u00e7\u00fcde azaltmaktad\u0131r. Ayr\u0131ca tesisimizde \u015farj edilen elektrikli ara\u00e7lar\u0131m\u0131z sayesinde s\u00fcrd\u00fcr\u00fclebilirlik hedeflerimize katk\u0131 sa\u011fl\u0131yor, karbon ayak izimizi azaltarak \u00e7evreci bir i\u015f modeli olu\u015fturuyoruz.<\/p>\t\t\t\t\t\t\t\t<\/div>\n\t\t\t\t<\/div>\n\t\t\t\t<\/div>\n\t\t\t\t\t<\/div>\n\t\t\t\t<\/div>\n\t\t<div class=\"elementor-element elementor-element-dca881f e-flex e-con-boxed e-con e-parent\" data-id=\"dca881f\" data-element_type=\"container\">\n\t\t\t\t\t<div class=\"e-con-inner\">\n\t\t\t\t\t<\/div>\n\t\t\t\t<\/div>\n\t\t\t\t<\/div>\n\t\t","protected":false},"excerpt":{"rendered":"<p>Ankara \u00c7ankaya\u2019da bulunan \u015firket merkezimizin \u00e7at\u0131s\u0131na 40 kW kapasiteli \u00e7at\u0131 \u00fcst\u00fc GES yat\u0131r\u0131m\u0131 ger\u00e7ekle\u015ftirilmi\u015ftir. Bu sistemle \u00fcretilen elektrik, binam\u0131z\u0131n g\u00fcnl\u00fck enerji t\u00fcketimini kar\u015f\u0131lamakta ve i\u015fletmemizin enerji maliyetlerini \u00f6nemli \u00f6l\u00e7\u00fcde azaltmaktad\u0131r. Ayr\u0131ca tesisimizde \u015farj edilen elektrikli ara\u00e7lar\u0131m\u0131z sayesinde s\u00fcrd\u00fcr\u00fclebilirlik hedeflerimize katk\u0131 sa\u011fl\u0131yor, karbon ayak izimizi azaltarak \u00e7evreci bir i\u015f modeli olu\u015fturuyoruz.<\/p>\n","protected":false},"author":1,"featured_media":0,"parent":0,"menu_order":0,"comment_status":"closed","ping_status":"closed","template":"","meta":{"footnotes":""},"class_list":["post-11816","page","type-page","status-publish","hentry"],"_links":{"self":[{"href":"https:\/\/domino.com.tr\/index.php\/wp-json\/wp\/v2\/pages\/11816","targetHints":{"allow":["GET"]}}],"collection":[{"href":"https:\/\/domino.com.tr\/index.php\/wp-json\/wp\/v2\/pages"}],"about":[{"href":"https:\/\/domino.com.tr\/index.php\/wp-json\/wp\/v2\/types\/page"}],"author":[{"embeddable":true,"href":"https:\/\/domino.com.tr\/index.php\/wp-json\/wp\/v2\/users\/1"}],"replies":[{"embeddable":true,"href":"https:\/\/domino.com.tr\/index.php\/wp-json\/wp\/v2\/comments?post=11816"}],"version-history":[{"count":8,"href":"https:\/\/domino.com.tr\/index.php\/wp-json\/wp\/v2\/pages\/11816\/revisions"}],"predecessor-version":[{"id":11839,"href":"https:\/\/domino.com.tr\/index.php\/wp-json\/wp\/v2\/pages\/11816\/revisions\/11839"}],"wp:attachment":[{"href":"https:\/\/domino.com.tr\/index.php\/wp-json\/wp\/v2\/media?parent=11816"}],"curies":[{"name":"wp","href":"https:\/\/api.w.org\/{rel}","templated":true}]}}